{"id":3339,"date":"2015-12-02T08:01:19","date_gmt":"2015-12-02T08:01:19","guid":{"rendered":"https:\/\/drdimolenis.gr\/klinik\/"},"modified":"2026-04-07T09:19:12","modified_gmt":"2026-04-07T09:19:12","slug":"klinik","status":"publish","type":"page","link":"https:\/\/drdimolenis.gr\/sv\/klinik\/","title":{"rendered":"KLINIK"},"content":{"rendered":"<p><section id=\"bt_section69dcf02041611\"  class=\"boldSection topExtraSpaced bottomSpaced gutter inherit\" style=\"background-color:rgb(241,236,230);\"><div class=\"port\"><div class=\"boldCell\"><div class=\"boldCellInner\"><div class=\"boldRow  \" ><div class=\"boldRowInner\"><div class=\"rowItem col-md-12 col-ms-12  btTextCenter inherit\"  ><div class=\"rowItemContent\" ><div class=\"btClear btSeparator bottomSemiSpaced noBorder bt_bb_hidden_xs bt_bb_hidden_ms bt_bb_hidden_sm\" ><hr><\/div><header class=\"header btClear extralarge btDash bottomDash  btAccentDash\" ><div class=\"dash\"><h1><span class=\"headline\"><em>V\u00e5r <\/em> <b class=\"animate\">klinik<\/b><\/span><\/h1><\/div><div class=\"btSubTitle\">Se bilder fr\u00e5n v\u00e5r kliniks interi\u00f6r<\/div><\/header><div class=\"btClear btSeparator bottomSemiSpaced noBorder\" ><hr><\/div><\/div><\/div><\/div><\/div><div class=\"boldRow iatrio \" ><div class=\"boldRowInner\"><div class=\"rowItem col-md-12 col-ms-12  btTextCenter inherit iatrio-eikones\"  ><div class=\"rowItemContent\" ><div class=\"tilesWall btGridGallery tiled  btGridGap-0 lightbox\" data-col=\"3\"><div class=\"gridSizer\"><\/div><div class=\"gridItem bt11 \" data-order-num=\"0\"><div class=\"btTileBox\"><div class=\"bpgPhoto \" > \r\n\t\t\t\t\t<a href=\"https:\/\/drdimolenis.gr\/wp-content\/uploads\/2022\/10\/iatrio-8.jpg\" class=\"lightbox\" data-title=\"\"><\/a>\r\n\t\t\t\t\t<div class=\"boldPhotoBox\"><div class=\"bpbItem\"><div class = \"btImage\"><img decoding=\"async\" src=\"https:\/\/drdimolenis.gr\/wp-content\/uploads\/2022\/10\/iatrio-8-540x540.jpg\" alt=\"\" title=\"\" ><\/div><\/div><\/div>\r\n\t\t\t\t\t<div class=\"captionPane\">\r\n\t\t\t\t\t\t<div class=\"captionTable\">\r\n\t\t\t\t\t\t\t<div class=\"captionCell\">\r\n\t\t\t\t\t\t\t\t<div class=\"captionTxt\"><\/div>\r\n\t\t\t\t\t\t\t<\/div>\r\n\t\t\t\t\t\t<\/div>\r\n\t\t\t\t\t<\/div><\/div><\/div><\/div><div class=\"gridItem bt11 \" data-order-num=\"1\"><div class=\"btTileBox\"><div class=\"bpgPhoto \" > \r\n\t\t\t\t\t<a href=\"https:\/\/drdimolenis.gr\/wp-content\/uploads\/2022\/10\/iatrio-6.jpg\" class=\"lightbox\" data-title=\"\"><\/a>\r\n\t\t\t\t\t<div class=\"boldPhotoBox\"><div class=\"bpbItem\"><div class = \"btImage\"><img decoding=\"async\" src=\"https:\/\/drdimolenis.gr\/wp-content\/uploads\/2022\/10\/iatrio-6-540x540.jpg\" alt=\"\" title=\"\" ><\/div><\/div><\/div>\r\n\t\t\t\t\t<div class=\"captionPane\">\r\n\t\t\t\t\t\t<div class=\"captionTable\">\r\n\t\t\t\t\t\t\t<div class=\"captionCell\">\r\n\t\t\t\t\t\t\t\t<div class=\"captionTxt\"><\/div>\r\n\t\t\t\t\t\t\t<\/div>\r\n\t\t\t\t\t\t<\/div>\r\n\t\t\t\t\t<\/div><\/div><\/div><\/div><div class=\"gridItem bt11 \" data-order-num=\"2\"><div class=\"btTileBox\"><div class=\"bpgPhoto \" > \r\n\t\t\t\t\t<a href=\"https:\/\/drdimolenis.gr\/wp-content\/uploads\/2022\/10\/iatrio-5.jpg\" class=\"lightbox\" data-title=\"\"><\/a>\r\n\t\t\t\t\t<div class=\"boldPhotoBox\"><div class=\"bpbItem\"><div class = \"btImage\"><img decoding=\"async\" src=\"https:\/\/drdimolenis.gr\/wp-content\/uploads\/2022\/10\/iatrio-5-540x540.jpg\" alt=\"\" title=\"\" ><\/div><\/div><\/div>\r\n\t\t\t\t\t<div class=\"captionPane\">\r\n\t\t\t\t\t\t<div class=\"captionTable\">\r\n\t\t\t\t\t\t\t<div class=\"captionCell\">\r\n\t\t\t\t\t\t\t\t<div class=\"captionTxt\"><\/div>\r\n\t\t\t\t\t\t\t<\/div>\r\n\t\t\t\t\t\t<\/div>\r\n\t\t\t\t\t<\/div><\/div><\/div><\/div><div class=\"gridItem bt11 \" data-order-num=\"3\"><div class=\"btTileBox\"><div class=\"bpgPhoto \" > \r\n\t\t\t\t\t<a href=\"https:\/\/drdimolenis.gr\/wp-content\/uploads\/2022\/10\/iatrio-3.jpg\" class=\"lightbox\" data-title=\"\"><\/a>\r\n\t\t\t\t\t<div class=\"boldPhotoBox\"><div class=\"bpbItem\"><div class = \"btImage\"><img decoding=\"async\" src=\"https:\/\/drdimolenis.gr\/wp-content\/uploads\/2022\/10\/iatrio-3-540x540.jpg\" alt=\"\" title=\"\" ><\/div><\/div><\/div>\r\n\t\t\t\t\t<div class=\"captionPane\">\r\n\t\t\t\t\t\t<div class=\"captionTable\">\r\n\t\t\t\t\t\t\t<div class=\"captionCell\">\r\n\t\t\t\t\t\t\t\t<div class=\"captionTxt\"><\/div>\r\n\t\t\t\t\t\t\t<\/div>\r\n\t\t\t\t\t\t<\/div>\r\n\t\t\t\t\t<\/div><\/div><\/div><\/div><div class=\"gridItem bt11 \" data-order-num=\"4\"><div class=\"btTileBox\"><div class=\"bpgPhoto \" > \r\n\t\t\t\t\t<a href=\"https:\/\/drdimolenis.gr\/wp-content\/uploads\/2022\/10\/iatrio-2.jpg\" class=\"lightbox\" data-title=\"\"><\/a>\r\n\t\t\t\t\t<div class=\"boldPhotoBox\"><div class=\"bpbItem\"><div class = \"btImage\"><img decoding=\"async\" src=\"https:\/\/drdimolenis.gr\/wp-content\/uploads\/2022\/10\/iatrio-2-540x540.jpg\" alt=\"\" title=\"\" ><\/div><\/div><\/div>\r\n\t\t\t\t\t<div class=\"captionPane\">\r\n\t\t\t\t\t\t<div class=\"captionTable\">\r\n\t\t\t\t\t\t\t<div class=\"captionCell\">\r\n\t\t\t\t\t\t\t\t<div class=\"captionTxt\"><\/div>\r\n\t\t\t\t\t\t\t<\/div>\r\n\t\t\t\t\t\t<\/div>\r\n\t\t\t\t\t<\/div><\/div><\/div><\/div><div class=\"gridItem bt11 \" data-order-num=\"5\"><div class=\"btTileBox\"><div class=\"bpgPhoto \" > \r\n\t\t\t\t\t<a href=\"https:\/\/drdimolenis.gr\/wp-content\/uploads\/2022\/10\/iatrio-7.jpg\" class=\"lightbox\" data-title=\"\"><\/a>\r\n\t\t\t\t\t<div class=\"boldPhotoBox\"><div class=\"bpbItem\"><div class = \"btImage\"><img decoding=\"async\" src=\"https:\/\/drdimolenis.gr\/wp-content\/uploads\/2022\/10\/iatrio-7-540x540.jpg\" alt=\"\" title=\"\" ><\/div><\/div><\/div>\r\n\t\t\t\t\t<div class=\"captionPane\">\r\n\t\t\t\t\t\t<div class=\"captionTable\">\r\n\t\t\t\t\t\t\t<div class=\"captionCell\">\r\n\t\t\t\t\t\t\t\t<div class=\"captionTxt\"><\/div>\r\n\t\t\t\t\t\t\t<\/div>\r\n\t\t\t\t\t\t<\/div>\r\n\t\t\t\t\t<\/div><\/div><\/div><\/div><\/div><div class=\"btClear btSeparator topSmallSpaced noBorder\" ><hr><\/div><\/div><\/div><\/div><\/div><\/div><\/div><\/div><\/section><section id=\"bt_section69dcf02042c77\"  class=\"boldSection topSpaced bottomSpaced gutter inherit iatrio-gnomi\" style=\"background-color:#f1f1f1;\"><div class=\"port\"><div class=\"boldCell\"><div class=\"boldCellInner\"><div class=\"boldRow  \" ><div class=\"boldRowInner\"><div class=\"rowItem col-md-12 col-ms-12  btTextCenter animate animate-fadein inherit\"  ><div class=\"rowItemContent\" ><div class=\"bt_bb_content_slider bt_bb_gap_large bt_bb_arrows_size_no_arrows bt_bb_show_dots_below bt_bb_height_auto bt_bb_multiple_slides\"><div class=\"slick-slider\"  data-slick='{ \"lazyLoad\": \"progressive\", \"cssEase\": \"ease-out\", \"speed\": \"600\", \"prevArrow\": \"\", \"nextArrow\": \"\", \"adaptiveHeight\": true, \"dots\": true,\"slidesToShow\": 3,\"autoplay\": true, \"autoplaySpeed\": 3000, \"responsive\": [{ \"breakpoint\": 480, \"settings\": { \"slidesToShow\": 1, \"slidesToScroll\": 1 } },{ \"breakpoint\": 768, \"settings\": { \"slidesToShow\": 2, \"slidesToScroll\": 2 } }]}' ><div class=\"bt_bb_content_slider_item\" style=\";background-image:url(https:\/\/drdimolenis.gr\/wp-content\/uploads\/2022\/10\/iatrio-7.jpg)\"><div class=\"bt_bb_content_slider_item_content content ccc\"><div class=\"btClear btSeparator bottomSmallSpaced noBorder\" ><hr><\/div><header class=\"header btClear medium btDash bottomDash  btAccentDash\" ><div class=\"dash\"><h3><span class=\"headline\">Helt n\u00f6jd!<\/span><\/h3><\/div><div class=\"btSubTitle\">Helt n\u00f6jd sedan n\u00e5gra \u00e5r tillbaka. En v\u00e4nlig och varm person som vinner \u00f6ver dig med sitt personliga intresse och s\u00e4ttet han lyssnar p\u00e5 dig. Utm\u00e4rkt val av l\u00e4kare, jag rekommenderar honom starkt!<\/div><\/header><div class=\"btClear btSeparator bottomExtraSmallSpaced noBorder\" ><hr><\/div><div class=\"btIconImageRow\" ><span class=\"btIco btIcoDefaultType btIcoExtraSmallSize btIcoAlterColor   \"  style=\"margin: 0;\"><span  data-ico-fa=\"&#xf005;\" class=\"btIcoHolder\"><em><\/em><\/span><\/span><span class=\"btIco btIcoDefaultType btIcoExtraSmallSize btIcoAlterColor   \"  style=\"margin: 0;\"><span  data-ico-fa=\"&#xf005;\" class=\"btIcoHolder\"><em><\/em><\/span><\/span><span class=\"btIco btIcoDefaultType btIcoExtraSmallSize btIcoAlterColor   \"  style=\"margin: 0;\"><span  data-ico-fa=\"&#xf005;\" class=\"btIcoHolder\"><em><\/em><\/span><\/span><span class=\"btIco btIcoDefaultType btIcoExtraSmallSize btIcoAlterColor   \"  style=\"margin: 0;\"><span  data-ico-fa=\"&#xf005;\" class=\"btIcoHolder\"><em><\/em><\/span><\/span><span class=\"btIco btIcoDefaultType btIcoExtraSmallSize btIcoAlterColor   \"  style=\"margin: 0;\"><span  data-ico-fa=\"&#xf005;\" class=\"btIcoHolder\"><em><\/em><\/span><\/span><\/div><div class=\"btClear btSeparator bottomExtraSmallSpaced noBorder\" ><hr><\/div><div class=\"btText\" ><\/p>\n<p>\nEFI G.<\/p>\n<p>\n<\/div><\/div><\/div><div class=\"bt_bb_content_slider_item\" style=\";background-image:url(https:\/\/drdimolenis.gr\/wp-content\/uploads\/2022\/10\/iatrio-7.jpg)\"><div class=\"bt_bb_content_slider_item_content content ccc\"><div class=\"btClear btSeparator bottomSmallSpaced noBorder\" ><hr><\/div><header class=\"header btClear medium btDash bottomDash  btAccentDash\" ><div class=\"dash\"><h3><span class=\"headline\">K\u00e4nner mig trygg!<\/span><\/h3><\/div><div class=\"btSubTitle\">Herr Dimolenis har varit min l\u00e4kare i \u00e5ratal och har f\u00f6rtj\u00e4nat min respekt med sin diskretion, den trygghetsk\u00e4nsla han utstr\u00e5lar och sin kognitiva och empiriska bakgrund.<\/div><\/header><div class=\"btClear btSeparator bottomExtraSmallSpaced noBorder\" ><hr><\/div><div class=\"btIconImageRow\" ><span class=\"btIco btIcoDefaultType btIcoExtraSmallSize btIcoAlterColor   \"  style=\"margin: 0;\"><span  data-ico-fa=\"&#xf005;\" class=\"btIcoHolder\"><em><\/em><\/span><\/span><span class=\"btIco btIcoDefaultType btIcoExtraSmallSize btIcoAlterColor   \"  style=\"margin: 0;\"><span  data-ico-fa=\"&#xf005;\" class=\"btIcoHolder\"><em><\/em><\/span><\/span><span class=\"btIco btIcoDefaultType btIcoExtraSmallSize btIcoAlterColor   \"  style=\"margin: 0;\"><span  data-ico-fa=\"&#xf005;\" class=\"btIcoHolder\"><em><\/em><\/span><\/span><span class=\"btIco btIcoDefaultType btIcoExtraSmallSize btIcoAlterColor   \"  style=\"margin: 0;\"><span  data-ico-fa=\"&#xf005;\" class=\"btIcoHolder\"><em><\/em><\/span><\/span><span class=\"btIco btIcoDefaultType btIcoExtraSmallSize btIcoAlterColor   \"  style=\"margin: 0;\"><span  data-ico-fa=\"&#xf005;\" class=\"btIcoHolder\"><em><\/em><\/span><\/span><\/div><div class=\"btClear btSeparator bottomExtraSmallSpaced noBorder\" ><hr><\/div><div class=\"btText\" ><\/p>\n<p>\nMARIA I.<\/p>\n<p>\n<\/div><\/div><\/div><div class=\"bt_bb_content_slider_item\" style=\";background-image:url(https:\/\/drdimolenis.gr\/wp-content\/uploads\/2022\/10\/iatrio-7.jpg)\"><div class=\"bt_bb_content_slider_item_content content ccc\"><div class=\"btClear btSeparator bottomSmallSpaced noBorder\" ><hr><\/div><header class=\"header btClear medium btDash bottomDash  btAccentDash\" ><div class=\"dash\"><h3><span class=\"headline\">Utm\u00e4rkt l\u00e4kare!<\/span><\/h3><\/div><div class=\"btSubTitle\">Utm\u00e4rkt l\u00e4kare, konsekvent och villig att svara p\u00e5 alla mina fr\u00e5gor. Han inger f\u00f6rtroende med sitt lugn och sin professionalism. Lokalen \u00e4r mycket vacker och ren.<\/div><\/header><div class=\"btClear btSeparator bottomExtraSmallSpaced noBorder\" ><hr><\/div><div class=\"btIconImageRow\" ><span class=\"btIco btIcoDefaultType btIcoExtraSmallSize btIcoAlterColor   \"  style=\"margin: 0;\"><span  data-ico-fa=\"&#xf005;\" class=\"btIcoHolder\"><em><\/em><\/span><\/span><span class=\"btIco btIcoDefaultType btIcoExtraSmallSize btIcoAlterColor   \"  style=\"margin: 0;\"><span  data-ico-fa=\"&#xf005;\" class=\"btIcoHolder\"><em><\/em><\/span><\/span><span class=\"btIco btIcoDefaultType btIcoExtraSmallSize btIcoAlterColor   \"  style=\"margin: 0;\"><span  data-ico-fa=\"&#xf005;\" class=\"btIcoHolder\"><em><\/em><\/span><\/span><span class=\"btIco btIcoDefaultType btIcoExtraSmallSize btIcoAlterColor   \"  style=\"margin: 0;\"><span  data-ico-fa=\"&#xf005;\" class=\"btIcoHolder\"><em><\/em><\/span><\/span><span class=\"btIco btIcoDefaultType btIcoExtraSmallSize btIcoAlterColor   \"  style=\"margin: 0;\"><span  data-ico-fa=\"&#xf005;\" class=\"btIcoHolder\"><em><\/em><\/span><\/span><\/div><div class=\"btClear btSeparator bottomExtraSmallSpaced noBorder\" ><hr><\/div><div class=\"btText\" ><\/p>\n<p>\nIMAN S.<\/p>\n<p>\n<\/div><\/div><\/div><\/div><\/div><\/div><\/div><\/div><\/div><\/div><\/div><\/div><\/section><section id=\"bt_section69dcf02043c5f\"  class=\"boldSection inherit\" ><div class=\"port\"><div class=\"boldCell\"><div class=\"boldCellInner\"><div class=\"boldRow  \" ><div class=\"boldRowInner\"><div class=\"rowItem col-md-12 col-ms-12  btTextLeft\"  ><div class=\"rowItemContent\" >\r\n\t\t\t<div class=\"btGoogleMapsWrapper \" \"><div id=\"map_canvas69dcf02043f33\" style=\"height:500px;;\" class=\"btGmap\"><\/div><div class=\"btGoogleMapsContent\"><div class=\"btGoogleMapsWrap\"><span class=\"btInfoPaneToggler\"><\/span><div class=\"btClear btSeparator bottomSemiSpaced noBorder\" ><hr><\/div><header class=\"header btClear medium  btAlternateDash\" ><div class=\"dash\"><h3><span class=\"headline\"><b class=\"animate\">\u00d6ppettider<\/b><\/span><\/h3><\/div><\/header><div class=\"btWorkingHours  btWorkingHoursHasLink \" ><div class=\"btWorkingHoursInner\"><div class=\"btWorkingHoursInnerRow\"><div class=\"btWorkingHoursInnerTitle\">M\u00c5N &#8211; FRE<\/div><div class=\"btWorkingHoursInnerContent\">9:00 &#8211; 21:00<\/div><div class=\"btWorkingHoursInnerLink\"><a href=\"#\" title=\"<br \/>&#8221;><br \/><\/a><\/div><\/div><div class=\"btWorkingHoursInnerRow\"><div class=\"btWorkingHoursInnerTitle\">L\u00d6R &#8211; S\u00d6N<\/div><div class=\"btWorkingHoursInnerContent\">St\u00e4ngd<\/div><\/div><\/div><\/div><div class=\"btClear btSeparator topSmallSpaced bottomSmallSpaced border\" ><hr><\/div><div class=\"servicesItem  btIcoAccentColorIcon btIcoMediumSizeIcon  \"><div class=\"sIcon\"><span class=\"btIco btIcoMediumSize btIcoDefaultType btIcoAccentColor\" ><a href=\"tel:+302106845302\"  data-ico-dg=\"&#xe931;\" class=\"btIcoHolder\"><em><\/em><\/a><\/span><\/div><div class=\"sTxt\"><header class=\"header btClear small\" ><div class=\"dash\"><h4><span class=\"headline\">RING OSS P\u00c5 FAST TELEFON<\/span><\/h4><\/div><\/header><p><a href=\"tel:+302106845302\">210 684 5302<\/a><\/p><\/div><\/div><div class=\"btClear btSeparator topSmallSpaced bottomSmallSpaced border\" ><hr><\/div><div class=\"servicesItem  btIcoAccentColorIcon btIcoMediumSizeIcon  \"><div class=\"sIcon\"><span class=\"btIco btIcoMediumSize btIcoDefaultType btIcoAccentColor\" ><a href=\"tel:+306944587573\"  data-ico-tc=\"&#xe939;\" class=\"btIcoHolder\"><em><\/em><\/a><\/span><\/div><div class=\"sTxt\"><header class=\"header btClear small\" ><div class=\"dash\"><h4><span class=\"headline\">RING OSS P\u00c5 DIN MOBIL<\/span><\/h4><\/div><\/header><p><a href=\"tel:+306944587573\">694 458 7573<\/a><\/p><\/div><\/div><div class=\"btClear btSeparator topSmallSpaced bottomSmallSpaced border\" ><hr><\/div><div class=\"servicesItem  btIcoAccentColorIcon btIcoMediumSizeIcon  \"><div class=\"sIcon\"><span class=\"btIco btIcoMediumSize btIcoDefaultType btIcoAccentColor\" ><a href=\"mailto:lampros.dimolenis@gmail.com\"  data-ico-dg=\"&#xe92a;\" class=\"btIcoHolder\"><em><\/em><\/a><\/span><\/div><div class=\"sTxt\"><header class=\"header btClear small\" ><div class=\"dash\"><h4><span class=\"headline\">SKICKA ETT E-POSTMEDDELANDE TILL OSS<\/span><\/h4><\/div><\/header><p><a href = \"mailto:lampros.dimolenis@gmail.com\">lampros.dimolenis@gmail.com<\/a><\/p><\/div><\/div><div class=\"btClear btSeparator topSmallSpaced bottomSmallSpaced border\" ><hr><\/div><div class=\"servicesItem  btIcoAccentColorIcon btIcoMediumSizeIcon  \"><div class=\"sIcon\"><span class=\"btIco btIcoMediumSize btIcoDefaultType btIcoAccentColor\" ><a href=\"https:\/\/goo.gl\/maps\/vdmF5qjJw7AYBBwy8\"  data-ico-hs=\"&#xe91f;\" class=\"btIcoHolder\"><em><\/em><\/a><\/span><\/div><div class=\"sTxt\"><header class=\"header btClear small\" ><div class=\"dash\"><h4><span class=\"headline\">HITTA OSS<\/span><\/h4><\/div><\/header><p><a href=\"https:\/\/goo.gl\/maps\/vdmF5qjJw7AYBBwy8\">Gyftopoulou 10, 15233, Chalandri<\/a><br\/><\/p><\/div><\/div><div class=\"btClear btSeparator bottomSemiSpaced noBorder\" ><hr><\/div><div class=\"servicesItem  btIcoAccentColorIcon btIcoMediumSizeIcon  \"><div class=\"sIcon\"><span class=\"btIco btIcoMediumSize btIcoDefaultType btIcoAccentColor\" ><a href=\"https:\/\/maps.app.goo.gl\/C6YxSwPE71eHjAGt7\"  data-ico-hs=\"&#xe91f;\" class=\"btIcoHolder\"><em><\/em><\/a><\/span><\/div><div class=\"sTxt\"><header class=\"header btClear small\" ><div class=\"dash\"><h4><span class=\"headline\">HITTA OSS<\/span><\/h4><\/div><\/header><p><a href=\"https:\/\/maps.app.goo.gl\/C6YxSwPE71eHjAGt7\">Kosma Aitolou 18, Arta 471 00, Grekland<\/a><\/p><\/div><\/div><div class=\"btClear btSeparator bottomSemiSpaced noBorder\" ><hr><\/div><\/div><\/div><\/div>\r\n\t\t\t<script type=\"text\/javascript\">\r\n\t\t\t\tjQuery( document ).ready(function() {\r\n\t\t\t\t\tbt_gmap_init( map_canvas69dcf02043f33, 38.0228062, 23.7977685, 15, \"https:\/\/drdimolenis.gr\/wp-content\/uploads\/2022\/02\/marker.png\", \"\", \"\", \"\", \"WwogICAgewogICAgICAgICJmZWF0dXJlVHlwZSI6ICJhbGwiLAogICAgICAgICJlbGVtZW50VHlwZSI6ICJsYWJlbHMiLAogICAgICAgICJzdHlsZXJzIjogWwogICAgICAgICAgICB7CiAgICAgICAgICAgICAgICAidmlzaWJpbGl0eSI6ICJvZmYiCiAgICAgICAgICAgIH0KICAgICAgICBdCiAgICB9LAogICAgewogICAgICAgICJmZWF0dXJlVHlwZSI6ICJwb2kucGFyayIsCiAgICAgICAgImVsZW1lbnRUeXBlIjogImdlb21ldHJ5LmZpbGwiLAogICAgICAgICJzdHlsZXJzIjogWwogICAgICAgICAgICB7CiAgICAgICAgICAgICAgICAiY29sb3IiOiAiI2FmZWVlZSIKICAgICAgICAgICAgfQogICAgICAgIF0KICAgIH0sCiAgICB7CiAgICAgICAgImZlYXR1cmVUeXBlIjogInJvYWQuaGlnaHdheSIsCiAgICAgICAgImVsZW1lbnRUeXBlIjogImxhYmVscyIsCiAgICAgICAgInN0eWxlcnMiOiBbCiAgICAgICAgICAgIHsKICAgICAgICAgICAgICAgICJ2aXNpYmlsaXR5IjogIm9uIgogICAgICAgICAgICB9CiAgICAgICAgXQogICAgfSwKICAgIHsKICAgICAgICAiZmVhdHVyZVR5cGUiOiAicm9hZC5hcnRlcmlhbCIsCiAgICAgICAgImVsZW1lbnRUeXBlIjogImxhYmVscy50ZXh0IiwKICAgICAgICAic3R5bGVycyI6IFsKICAgICAgICAgICAgewogICAgICAgICAgICAgICAgInZpc2liaWxpdHkiOiAib24iCiAgICAgICAgICAgIH0KICAgICAgICBdCiAgICB9LAogICAgewogICAgICAgICJmZWF0dXJlVHlwZSI6ICJyb2FkLmxvY2FsIiwKICAgICAgICAiZWxlbWVudFR5cGUiOiAibGFiZWxzLnRleHQiLAogICAgICAgICJzdHlsZXJzIjogWwogICAgICAgICAgICB7CiAgICAgICAgICAgICAgICAidmlzaWJpbGl0eSI6ICJvbiIKICAgICAgICAgICAgfQogICAgICAgIF0KICAgIH0sCiAgICB7CiAgICAgICAgImZlYXR1cmVUeXBlIjogIndhdGVyIiwKICAgICAgICAiZWxlbWVudFR5cGUiOiAiZ2VvbWV0cnkuZmlsbCIsCiAgICAgICAgInN0eWxlcnMiOiBbCiAgICAgICAgICAgIHsKICAgICAgICAgICAgICAgICJjb2xvciI6ICIjMGU4Y2YyIgogICAgICAgICAgICB9CiAgICAgICAgXQogICAgfQpd\" );\r\n\t\t\t\t\t});\t\r\n\t\t\t<\/script>\r\n\t\t\t<\/div><\/div><\/div><\/div><\/div><\/div><\/div><\/section><\/p>\n","protected":false},"excerpt":{"rendered":"","protected":false},"author":1,"featured_media":3348,"parent":0,"menu_order":0,"comment_status":"closed","ping_status":"closed","template":"","meta":{"inline_featured_image":false,"footnotes":""},"class_list":["post-3339","page","type-page","status-publish","has-post-thumbnail","hentry"],"yoast_head":"<!-- This site is optimized with the Yoast SEO plugin v27.3 - https:\/\/yoast.com\/product\/yoast-seo-wordpress\/ -->\n<title>KLINIK - \u039b\u03ac\u03bc\u03c0\u03c1\u03bf\u03c2 \u0399. \u0394\u03b7\u03bc\u03bf\u03bb\u03ad\u03bd\u03b7\u03c2, MD, MSc<\/title>\n<meta name=\"robots\" content=\"index, follow, max-snippet:-1, max-image-preview:large, max-video-preview:-1\" \/>\n<link rel=\"canonical\" href=\"https:\/\/drdimolenis.gr\/sv\/klinik\/\" \/>\n<meta property=\"og:locale\" content=\"sv_SE\" \/>\n<meta property=\"og:type\" content=\"article\" \/>\n<meta property=\"og:title\" content=\"KLINIK - \u039b\u03ac\u03bc\u03c0\u03c1\u03bf\u03c2 \u0399. \u0394\u03b7\u03bc\u03bf\u03bb\u03ad\u03bd\u03b7\u03c2, MD, MSc\" \/>\n<meta property=\"og:url\" content=\"https:\/\/drdimolenis.gr\/sv\/klinik\/\" \/>\n<meta property=\"og:site_name\" content=\"\u039b\u03ac\u03bc\u03c0\u03c1\u03bf\u03c2 \u0399. \u0394\u03b7\u03bc\u03bf\u03bb\u03ad\u03bd\u03b7\u03c2, MD, MSc\" \/>\n<meta property=\"article:modified_time\" content=\"2026-04-07T09:19:12+00:00\" \/>\n<meta property=\"og:image\" content=\"https:\/\/drdimolenis.gr\/wp-content\/uploads\/2022\/10\/home-background2.jpg\" \/>\n\t<meta property=\"og:image:width\" content=\"2400\" \/>\n\t<meta property=\"og:image:height\" content=\"1600\" \/>\n\t<meta property=\"og:image:type\" content=\"image\/jpeg\" \/>\n<meta name=\"twitter:card\" content=\"summary_large_image\" \/>\n<meta name=\"twitter:label1\" content=\"Ber\u00e4knad l\u00e4stid\" \/>\n\t<meta name=\"twitter:data1\" content=\"3 minuter\" \/>\n<script type=\"application\/ld+json\" class=\"yoast-schema-graph\">{\"@context\":\"https:\\\/\\\/schema.org\",\"@graph\":[{\"@type\":\"WebPage\",\"@id\":\"https:\\\/\\\/drdimolenis.gr\\\/sv\\\/klinik\\\/\",\"url\":\"https:\\\/\\\/drdimolenis.gr\\\/sv\\\/klinik\\\/\",\"name\":\"KLINIK - \u039b\u03ac\u03bc\u03c0\u03c1\u03bf\u03c2 \u0399. \u0394\u03b7\u03bc\u03bf\u03bb\u03ad\u03bd\u03b7\u03c2, MD, MSc\",\"isPartOf\":{\"@id\":\"https:\\\/\\\/drdimolenis.gr\\\/#website\"},\"primaryImageOfPage\":{\"@id\":\"https:\\\/\\\/drdimolenis.gr\\\/sv\\\/klinik\\\/#primaryimage\"},\"image\":{\"@id\":\"https:\\\/\\\/drdimolenis.gr\\\/sv\\\/klinik\\\/#primaryimage\"},\"thumbnailUrl\":\"https:\\\/\\\/drdimolenis.gr\\\/wp-content\\\/uploads\\\/2022\\\/10\\\/home-background2.jpg\",\"datePublished\":\"2015-12-02T08:01:19+00:00\",\"dateModified\":\"2026-04-07T09:19:12+00:00\",\"breadcrumb\":{\"@id\":\"https:\\\/\\\/drdimolenis.gr\\\/sv\\\/klinik\\\/#breadcrumb\"},\"inLanguage\":\"sv-SE\",\"potentialAction\":[{\"@type\":\"ReadAction\",\"target\":[\"https:\\\/\\\/drdimolenis.gr\\\/sv\\\/klinik\\\/\"]}]},{\"@type\":\"ImageObject\",\"inLanguage\":\"sv-SE\",\"@id\":\"https:\\\/\\\/drdimolenis.gr\\\/sv\\\/klinik\\\/#primaryimage\",\"url\":\"https:\\\/\\\/drdimolenis.gr\\\/wp-content\\\/uploads\\\/2022\\\/10\\\/home-background2.jpg\",\"contentUrl\":\"https:\\\/\\\/drdimolenis.gr\\\/wp-content\\\/uploads\\\/2022\\\/10\\\/home-background2.jpg\",\"width\":2400,\"height\":1600},{\"@type\":\"BreadcrumbList\",\"@id\":\"https:\\\/\\\/drdimolenis.gr\\\/sv\\\/klinik\\\/#breadcrumb\",\"itemListElement\":[{\"@type\":\"ListItem\",\"position\":1,\"name\":\"Home\",\"item\":\"https:\\\/\\\/drdimolenis.gr\\\/sv\\\/\"},{\"@type\":\"ListItem\",\"position\":2,\"name\":\"KLINIK\"}]},{\"@type\":\"WebSite\",\"@id\":\"https:\\\/\\\/drdimolenis.gr\\\/#website\",\"url\":\"https:\\\/\\\/drdimolenis.gr\\\/\",\"name\":\"\u039b\u03ac\u03bc\u03c0\u03c1\u03bf\u03c2 \u0399. \u0394\u03b7\u03bc\u03bf\u03bb\u03ad\u03bd\u03b7\u03c2, MD, MSc\",\"description\":\"\u039c\u03b1\u03b9\u03b5\u03c5\u03c4\u03ae\u03c1\u03b1\u03c2 \u03a7\u03b5\u03b9\u03c1\u03bf\u03cd\u03c1\u03b3\u03bf\u03c2 \u0393\u03c5\u03bd\u03b1\u03b9\u03ba\u03bf\u03bb\u03cc\u03b3\u03bf\u03c2\",\"potentialAction\":[{\"@type\":\"SearchAction\",\"target\":{\"@type\":\"EntryPoint\",\"urlTemplate\":\"https:\\\/\\\/drdimolenis.gr\\\/?s={search_term_string}\"},\"query-input\":{\"@type\":\"PropertyValueSpecification\",\"valueRequired\":true,\"valueName\":\"search_term_string\"}}],\"inLanguage\":\"sv-SE\"}]}<\/script>\n<!-- \/ Yoast SEO plugin. -->","yoast_head_json":{"title":"KLINIK - \u039b\u03ac\u03bc\u03c0\u03c1\u03bf\u03c2 \u0399. \u0394\u03b7\u03bc\u03bf\u03bb\u03ad\u03bd\u03b7\u03c2, MD, MSc","robots":{"index":"index","follow":"follow","max-snippet":"max-snippet:-1","max-image-preview":"max-image-preview:large","max-video-preview":"max-video-preview:-1"},"canonical":"https:\/\/drdimolenis.gr\/sv\/klinik\/","og_locale":"sv_SE","og_type":"article","og_title":"KLINIK - \u039b\u03ac\u03bc\u03c0\u03c1\u03bf\u03c2 \u0399. \u0394\u03b7\u03bc\u03bf\u03bb\u03ad\u03bd\u03b7\u03c2, MD, MSc","og_url":"https:\/\/drdimolenis.gr\/sv\/klinik\/","og_site_name":"\u039b\u03ac\u03bc\u03c0\u03c1\u03bf\u03c2 \u0399. \u0394\u03b7\u03bc\u03bf\u03bb\u03ad\u03bd\u03b7\u03c2, MD, MSc","article_modified_time":"2026-04-07T09:19:12+00:00","og_image":[{"width":2400,"height":1600,"url":"https:\/\/drdimolenis.gr\/wp-content\/uploads\/2022\/10\/home-background2.jpg","type":"image\/jpeg"}],"twitter_card":"summary_large_image","twitter_misc":{"Ber\u00e4knad l\u00e4stid":"3 minuter"},"schema":{"@context":"https:\/\/schema.org","@graph":[{"@type":"WebPage","@id":"https:\/\/drdimolenis.gr\/sv\/klinik\/","url":"https:\/\/drdimolenis.gr\/sv\/klinik\/","name":"KLINIK - \u039b\u03ac\u03bc\u03c0\u03c1\u03bf\u03c2 \u0399. \u0394\u03b7\u03bc\u03bf\u03bb\u03ad\u03bd\u03b7\u03c2, MD, MSc","isPartOf":{"@id":"https:\/\/drdimolenis.gr\/#website"},"primaryImageOfPage":{"@id":"https:\/\/drdimolenis.gr\/sv\/klinik\/#primaryimage"},"image":{"@id":"https:\/\/drdimolenis.gr\/sv\/klinik\/#primaryimage"},"thumbnailUrl":"https:\/\/drdimolenis.gr\/wp-content\/uploads\/2022\/10\/home-background2.jpg","datePublished":"2015-12-02T08:01:19+00:00","dateModified":"2026-04-07T09:19:12+00:00","breadcrumb":{"@id":"https:\/\/drdimolenis.gr\/sv\/klinik\/#breadcrumb"},"inLanguage":"sv-SE","potentialAction":[{"@type":"ReadAction","target":["https:\/\/drdimolenis.gr\/sv\/klinik\/"]}]},{"@type":"ImageObject","inLanguage":"sv-SE","@id":"https:\/\/drdimolenis.gr\/sv\/klinik\/#primaryimage","url":"https:\/\/drdimolenis.gr\/wp-content\/uploads\/2022\/10\/home-background2.jpg","contentUrl":"https:\/\/drdimolenis.gr\/wp-content\/uploads\/2022\/10\/home-background2.jpg","width":2400,"height":1600},{"@type":"BreadcrumbList","@id":"https:\/\/drdimolenis.gr\/sv\/klinik\/#breadcrumb","itemListElement":[{"@type":"ListItem","position":1,"name":"Home","item":"https:\/\/drdimolenis.gr\/sv\/"},{"@type":"ListItem","position":2,"name":"KLINIK"}]},{"@type":"WebSite","@id":"https:\/\/drdimolenis.gr\/#website","url":"https:\/\/drdimolenis.gr\/","name":"\u039b\u03ac\u03bc\u03c0\u03c1\u03bf\u03c2 \u0399. \u0394\u03b7\u03bc\u03bf\u03bb\u03ad\u03bd\u03b7\u03c2, MD, MSc","description":"\u039c\u03b1\u03b9\u03b5\u03c5\u03c4\u03ae\u03c1\u03b1\u03c2 \u03a7\u03b5\u03b9\u03c1\u03bf\u03cd\u03c1\u03b3\u03bf\u03c2 \u0393\u03c5\u03bd\u03b1\u03b9\u03ba\u03bf\u03bb\u03cc\u03b3\u03bf\u03c2","potentialAction":[{"@type":"SearchAction","target":{"@type":"EntryPoint","urlTemplate":"https:\/\/drdimolenis.gr\/?s={search_term_string}"},"query-input":{"@type":"PropertyValueSpecification","valueRequired":true,"valueName":"search_term_string"}}],"inLanguage":"sv-SE"}]}},"_links":{"self":[{"href":"https:\/\/drdimolenis.gr\/sv\/wp-json\/wp\/v2\/pages\/3339","targetHints":{"allow":["GET"]}}],"collection":[{"href":"https:\/\/drdimolenis.gr\/sv\/wp-json\/wp\/v2\/pages"}],"about":[{"href":"https:\/\/drdimolenis.gr\/sv\/wp-json\/wp\/v2\/types\/page"}],"author":[{"embeddable":true,"href":"https:\/\/drdimolenis.gr\/sv\/wp-json\/wp\/v2\/users\/1"}],"replies":[{"embeddable":true,"href":"https:\/\/drdimolenis.gr\/sv\/wp-json\/wp\/v2\/comments?post=3339"}],"version-history":[{"count":7,"href":"https:\/\/drdimolenis.gr\/sv\/wp-json\/wp\/v2\/pages\/3339\/revisions"}],"predecessor-version":[{"id":3355,"href":"https:\/\/drdimolenis.gr\/sv\/wp-json\/wp\/v2\/pages\/3339\/revisions\/3355"}],"wp:featuredmedia":[{"embeddable":true,"href":"https:\/\/drdimolenis.gr\/sv\/wp-json\/wp\/v2\/media\/3348"}],"wp:attachment":[{"href":"https:\/\/drdimolenis.gr\/sv\/wp-json\/wp\/v2\/media?parent=3339"}],"curies":[{"name":"wp","href":"https:\/\/api.w.org\/{rel}","templated":true}]}}