{"id":3356,"date":"2015-12-02T09:20:04","date_gmt":"2015-12-02T09:20:04","guid":{"rendered":"https:\/\/drdimolenis.gr\/tjanster\/"},"modified":"2015-12-02T09:20:04","modified_gmt":"2015-12-02T09:20:04","slug":"tjanster","status":"publish","type":"page","link":"https:\/\/drdimolenis.gr\/sv\/tjanster\/","title":{"rendered":"TJ\u00c4NSTER"},"content":{"rendered":"<p><section id=\"bt_section69dcf034d9926\"  class=\"boldSection btDivider topExtraSpaced bottomSemiSpaced btDarkSkin gutter inherit\" style=\"background-color:rgb(194,148,153);\"><div class=\"port\"><div class=\"boldCell\"><div class=\"boldCellInner\"><div class=\"boldRow  \" ><div class=\"boldRowInner\"><div class=\"rowItem col-md-8 col-ms-12 btTextLeft animate animate-fadein animate-moveleft inherit\"  ><div class=\"rowItemContent\" ><div class=\"btClear btSeparator topSmallSpaced bottomExtraSmallSpaced noBorder bt_bb_hidden_xs bt_bb_hidden_ms bt_bb_hidden_sm\" ><hr><\/div><header class=\"header btClear large btDash bottomDash  btNormalDash\" ><div class=\"dash\"><h2><span class=\"headline\">\u03a5\u03a0\u0397\u03a1\u0395\u03a3\u0399\u0395\u03a3<\/span><\/h2><\/div><\/header><\/div><\/div><div class=\"rowItem col-md-4 col-ms-12 btTextLeft\"  ><div class=\"rowItemContent\" ><\/div><\/div><\/div><\/div><\/div><\/div><\/div><\/section><section id=\"bt_section69dcf034d9b2d\"  class=\"boldSection topSpaced bottomSpaced gutter inherit cards\" ><div class=\"port\"><div class=\"boldCell\"><div class=\"boldCellInner\"><div class=\"boldRow  \" ><div class=\"boldRowInner\"><div class=\"rowItem col-md-12 col-ms-12  btTextCenter animate animate-fadein inherit\"  ><div class=\"rowItemContent\" ><header class=\"header btClear large btDash bottomDash  btAccentDash\" ><div class=\"dash\"><h2><span class=\"headline\"><em>\u039f\u0399<\/em> <b class=\"animate\">\u03a5\u03a0\u0397\u03a1\u0395\u03a3\u0399\u0395\u03a3<\/b> <em>\u039c\u0391\u03a3<\/em><\/span><\/h2><\/div><\/header><div class=\"btClear btSeparator bottomSemiSpaced noBorder\" ><hr><\/div><\/div><\/div><\/div><\/div><div class=\"boldRow  \" ><div class=\"boldRowInner\"><div class=\"rowItem col-md-3 col-sm-6 col-ms-12 btTextLeft btTextIndent inherit btDarkSkin card1 animate glow delay1\" style=\"background: transparent; animation-delay: 0.2s !important;\" ><div class=\"rowItemContent\" style = \"background-color:rgb(212,199,188);\"><div class=\"bpgPhoto btTextCenter btSimpleHoverType\" > \r\n\t\t\t\t\t<a href=\"\/ipiresies\/exosomatiki-ypogonimotita\/\" target=\"_blank\" title=\"\"><\/a>\r\n\t\t\t\t\t<div class=\"boldPhotoBox\"><div class=\"bpbItem\"><div class = \"btImage\"><img decoding=\"async\" src=\"https:\/\/drdimolenis.gr\/wp-content\/uploads\/2022\/10\/ipogonimotita-scaled.jpg\" alt=\"\" title=\"\" ><\/div><\/div><\/div>\r\n\t\t\t\t\t<div class=\"captionPane\">\r\n\t\t\t\t\t\t<div class=\"captionTable\">\r\n\t\t\t\t\t\t\t<div class=\"captionCell\">\r\n\t\t\t\t\t\t\t\t<div class=\"captionTxt\"><\/div>\r\n\t\t\t\t\t\t\t<\/div>\r\n\t\t\t\t\t\t<\/div>\r\n\t\t\t\t\t<\/div><\/div><div class=\"btIconImageRow btIconsHalfHoverPosition\" ><span class=\"btIco btIcoFilledType btIcoBigSize btIcoAlterColor   \" ><a href=\"\/ipiresies\/exosomatiki-ypogonimotita\/\"  target = \"_blank\" data-ico-me=\"&#xe916;\" class=\"btIcoHolder\"><em><\/em><\/a><\/span><\/div><div class=\"btClear btSeparator topExtraSmallSpaced noBorder\" ><hr><\/div><header class=\"header btClear medium btDash topDash  btAlternateDash\" style=\"margin-bottom: 0;\"><div class=\"dash\"><h3><span class=\"headline\">\u0395\u03be\u03c9\u03c3\u03c9\u03bc\u03b1\u03c4\u03b9\u03ba\u03ae \u03c5\u03c0\u03bf\u03b3\u03bf\u03bd\u03b9\u03bc\u03cc\u03c4\u03b7\u03c4\u03b1<\/span><\/h3><\/div><\/header><div class=\"btClear btSeparator topExtraSmallSpaced noBorder\" ><hr><\/div><div class=\"btText\" ><\/p>\n<p>In vitro-fertilisering (IVF) \u00e4r en av m\u00e5nga tekniker som finns tillg\u00e4ngliga f\u00f6r att hj\u00e4lpa m\u00e4nniskor med problem<\/p>\n<p>\n<\/div><div class=\"btClear btSeparator topSmallSpaced noBorder\" ><hr><\/div><div class=\"btClear btSeparator topSmallSpaced noBorder\" ><hr><\/div><\/div><\/div><div class=\"rowItem col-md-3 col-sm-6 col-ms-12 btTextLeft btTextIndent inherit btDarkSkin card2 animate glow delay2\" style=\"background: transparent; animation-delay: 0.4s !important;\" ><div class=\"rowItemContent\" style = \"background-color:rgb(212,199,188);\"><div class=\"bpgPhoto btTextCenter btSimpleHoverType\" > \r\n\t\t\t\t\t<a href=\"\/ipiresies\/test-pap\/\" target=\"_blank\" title=\"\"><\/a>\r\n\t\t\t\t\t<div class=\"boldPhotoBox\"><div class=\"bpbItem\"><div class = \"btImage\"><img decoding=\"async\" src=\"https:\/\/drdimolenis.gr\/wp-content\/uploads\/2022\/10\/test-pap-scaled.jpg\" alt=\"\" title=\"\" ><\/div><\/div><\/div>\r\n\t\t\t\t\t<div class=\"captionPane\">\r\n\t\t\t\t\t\t<div class=\"captionTable\">\r\n\t\t\t\t\t\t\t<div class=\"captionCell\">\r\n\t\t\t\t\t\t\t\t<div class=\"captionTxt\"><\/div>\r\n\t\t\t\t\t\t\t<\/div>\r\n\t\t\t\t\t\t<\/div>\r\n\t\t\t\t\t<\/div><\/div><div class=\"btIconImageRow btIconsHalfHoverPosition\" ><span class=\"btIco btIcoFilledType btIcoBigSize btIcoAlterColor   \" ><a href=\"\/ipiresies\/test-pap\/\"  target = \"_blank\" data-ico-ms=\"&#xe9a2;\" class=\"btIcoHolder\"><em><\/em><\/a><\/span><\/div><div class=\"btClear btSeparator topExtraSmallSpaced noBorder\" ><hr><\/div><header class=\"header btClear medium btDash topDash  btAlternateDash\" style=\"margin-bottom: 0;\"><div class=\"dash\"><h3><span class=\"headline\">Test PAP<\/span><\/h3><\/div><\/header><div class=\"btClear btSeparator topExtraSmallSpaced noBorder\" ><hr><\/div><div class=\"btText\" ><\/p>\n<p>PAP-testet, \u00e4ven kallat Papanicolaou-testet, \u00e4r en procedur f\u00f6r att kontrollera livmoderhalspatologi hos kvinnor.<\/p>\n<p>\n<\/div><div class=\"btClear btSeparator topSmallSpaced noBorder\" ><hr><\/div><div class=\"btClear btSeparator topSmallSpaced noBorder\" ><hr><\/div><\/div><\/div><div class=\"rowItem col-md-3 col-sm-6 col-ms-12 btTextLeft btTextIndent inherit btDarkSkin card3 animate glow delay3\" style=\"background: transparent; animation-delay: 0.6s !important;\" ><div class=\"rowItemContent\" style = \"background-color:rgb(212,199,188);\"><div class=\"bpgPhoto btTextCenter btSimpleHoverType\" > \r\n\t\t\t\t\t<a href=\"\/ipiresies\/laparoskopisi\" target=\"_blank\" title=\"\"><\/a>\r\n\t\t\t\t\t<div class=\"boldPhotoBox\"><div class=\"bpbItem\"><div class = \"btImage\"><img decoding=\"async\" src=\"https:\/\/drdimolenis.gr\/wp-content\/uploads\/2022\/10\/laparoskopisi-scaled.jpg\" alt=\"\" title=\"\" ><\/div><\/div><\/div>\r\n\t\t\t\t\t<div class=\"captionPane\">\r\n\t\t\t\t\t\t<div class=\"captionTable\">\r\n\t\t\t\t\t\t\t<div class=\"captionCell\">\r\n\t\t\t\t\t\t\t\t<div class=\"captionTxt\"><\/div>\r\n\t\t\t\t\t\t\t<\/div>\r\n\t\t\t\t\t\t<\/div>\r\n\t\t\t\t\t<\/div><\/div><div class=\"btIconImageRow btIconsHalfHoverPosition\" ><span class=\"btIco btIcoFilledType btIcoBigSize btIcoAlterColor   \" ><a href=\"\/ipiresies\/laparoskopisi\"  target = \"_blank\" data-ico-cs=\"&#xe9c8;\" class=\"btIcoHolder\"><em><\/em><\/a><\/span><\/div><div class=\"btClear btSeparator topExtraSmallSpaced noBorder\" ><hr><\/div><header class=\"header btClear medium btDash topDash  btAlternateDash\" style=\"margin-bottom: 0;\"><div class=\"dash\"><h3><span class=\"headline\">\u039b\u03b1\u03c0\u03b1\u03c1\u03bf\u03c3\u03ba\u03cc\u03c0\u03b7\u03c3\u03b7<\/span><\/h3><\/div><\/header><div class=\"btClear btSeparator topExtraSmallSpaced noBorder\" ><hr><\/div><div class=\"btText\" ><\/p>\n<p>Laparoskopisk kirurgi \u00e4r ett mindre invasivt s\u00e4tt att utf\u00f6ra kirurgiska ingrepp \u00e4n vad traditionella metoder kan erbjuda.<\/p>\n<p>\n<\/div><div class=\"btClear btSeparator topSmallSpaced noBorder\" ><hr><\/div><div class=\"btClear btSeparator topSmallSpaced noBorder\" ><hr><\/div><\/div><\/div><div class=\"rowItem col-md-3 col-sm-6 col-ms-12 btTextLeft btTextIndent inherit btDarkSkin card4 animate glow delay4\" style=\"background: transparent; animation-delay: 0.8s !important;\" ><div class=\"rowItemContent\" style = \"background-color:rgb(212,199,188);\"><div class=\"bpgPhoto btTextCenter btSimpleHoverType\" > \r\n\t\t\t\t\t<a href=\"\/ipiresies\/kolpitides\/\" target=\"_blank\" title=\"\"><\/a>\r\n\t\t\t\t\t<div class=\"boldPhotoBox\"><div class=\"bpbItem\"><div class = \"btImage\"><img decoding=\"async\" src=\"https:\/\/drdimolenis.gr\/wp-content\/uploads\/2022\/04\/kolpitides-scaled.jpg\" alt=\"\" title=\"\" ><\/div><\/div><\/div>\r\n\t\t\t\t\t<div class=\"captionPane\">\r\n\t\t\t\t\t\t<div class=\"captionTable\">\r\n\t\t\t\t\t\t\t<div class=\"captionCell\">\r\n\t\t\t\t\t\t\t\t<div class=\"captionTxt\"><\/div>\r\n\t\t\t\t\t\t\t<\/div>\r\n\t\t\t\t\t\t<\/div>\r\n\t\t\t\t\t<\/div><\/div><div class=\"btIconImageRow btIconsHalfHoverPosition\" ><span class=\"btIco btIcoFilledType btIcoBigSize btIcoAlterColor   \" ><a href=\"\/ipiresies\/kolpitides\/\"  target = \"_blank\" data-ico-ho=\"&#xe954;\" class=\"btIcoHolder\"><em><\/em><\/a><\/span><\/div><div class=\"btClear btSeparator topExtraSmallSpaced noBorder\" ><hr><\/div><header class=\"header btClear medium btDash topDash  btAlternateDash\" style=\"margin-bottom: 0;\"><div class=\"dash\"><h3><span class=\"headline\">\u039a\u03bf\u03bb\u03c0\u03af\u03c4\u03b9\u03b4\u03b5\u03c2<\/span><\/h3><\/div><\/header><div class=\"btClear btSeparator topExtraSmallSpaced noBorder\" ><hr><\/div><div class=\"btText\" ><\/p>\n<p>Den kvinnliga vaginan koloniseras av en m\u00e4ngd mikroorganismer som gemensamt kallas normalflora.<\/p>\n<p>\n<\/div><div class=\"btClear btSeparator topSmallSpaced noBorder\" ><hr><\/div><div class=\"btClear btSeparator topSmallSpaced noBorder\" ><hr><\/div><\/div><\/div><\/div><\/div><\/div><\/div><\/div><\/section><section id=\"bt_section69dcf034dd2cd\"  class=\"boldSection topSpaced bottomSpaced btDarkSkin gutter inherit ipiresies\" style=\"background-color:rgb(194,148,153);\"><div class=\"port\"><div class=\"boldCell\"><div class=\"boldCellInner\"><div class=\"boldRow  \" ><div class=\"boldRowInner\"><div class=\"rowItem col-md-12 col-ms-12  btTextCenter animate animate-fadein inherit\"  ><div class=\"rowItemContent\" ><header class=\"header btClear large btDash bottomDash  btNormalDash\" ><div class=\"dash\"><h2><span class=\"headline\"><em>\u03a0\u03b5\u03c1\u03b9\u03c3\u03c3\u03cc\u03c4\u03b5\u03c1\u03b5\u03c2 \u03c5\u03c0\u03b7\u03c1\u03b5\u03c3\u03af\u03b5\u03c2<\/em><\/span><\/h2><\/div><\/header><div class=\"btClear btSeparator bottomSemiSpaced noBorder\" ><hr><\/div><\/div><\/div><\/div><\/div><div class=\"boldRow  \" ><div class=\"boldRowInner\"><div class=\"rowItem col-md-6 col-sm-12 btTextLeft animate animate-fadein inherit\"  ><div class=\"rowItemContent\" ><div class=\"boldRow boldInnerRow  \" ><div class=\"rowItem rowInnerItem col-md-6  btTextLeft\"  ><div class=\"rowItemContent\"><div class=\"bpgPhoto btTextCenter btSimpleHoverType\" > \r\n\t\t\t\t\t<a href=\"\/ipiresies\/ipogonimotita\/\" target=\"_blank\" title=\"\"><\/a>\r\n\t\t\t\t\t<div class=\"boldPhotoBox\"><div class=\"bpbItem\"><div class = \"btImage\"><img decoding=\"async\" src=\"https:\/\/drdimolenis.gr\/wp-content\/uploads\/2022\/02\/Depositphotos_197983962_XL-320x213.jpg\" alt=\"\" title=\"\" ><\/div><\/div><\/div>\r\n\t\t\t\t\t<div class=\"captionPane\">\r\n\t\t\t\t\t\t<div class=\"captionTable\">\r\n\t\t\t\t\t\t\t<div class=\"captionCell\">\r\n\t\t\t\t\t\t\t\t<div class=\"captionTxt\"><\/div>\r\n\t\t\t\t\t\t\t<\/div>\r\n\t\t\t\t\t\t<\/div>\r\n\t\t\t\t\t<\/div><\/div><div class=\"btClear btSeparator bottomSemiSpaced noBorder\" ><hr><\/div><\/div><\/div><div class=\"rowItem rowInnerItem col-md-6  btTextLeft btMiddleVertical\"  ><div class=\"rowItemContent\"><header class=\"header btClear medium btDash bottomDash  btNormalDash\" ><div class=\"dash\"><h3><span class=\"headline\">\u03a5\u03c0\u03bf\u03b3\u03bf\u03bd\u03b9\u03bc\u03cc\u03c4\u03b7\u03c4\u03b1<\/span><\/h3><\/div><\/header><div class=\"btText\" ><\/p>\n<p>I 20 % av fallen hittas orsaken hos mannen, i 25 % hos b\u00e5da, medan utredningen i cirka 15 % av fallen inte kan fastst\u00e4lla n\u00e5gon orsak.<\/p>\n<p>\n<\/div><div class=\"btClear btSeparator bottomSemiSpaced noBorder\" ><hr><\/div><\/div><\/div><\/div><\/div><\/div><div class=\"rowItem col-md-6 col-sm-12 btTextLeft animate animate-fadein inherit\"  ><div class=\"rowItemContent\" ><div class=\"boldRow boldInnerRow  \" ><div class=\"rowItem rowInnerItem col-md-6  btTextLeft\"  ><div class=\"rowItemContent\"><div class=\"bpgPhoto btTextCenter btSimpleHoverType\" > \r\n\t\t\t\t\t<a href=\"\/ipiresies\/kolposkopisi\" target=\"_blank\" title=\"\"><\/a>\r\n\t\t\t\t\t<div class=\"boldPhotoBox\"><div class=\"bpbItem\"><div class = \"btImage\"><img decoding=\"async\" src=\"https:\/\/drdimolenis.gr\/wp-content\/uploads\/2022\/02\/Depositphotos_16791659_XL-320x214.jpg\" alt=\"\" title=\"\" ><\/div><\/div><\/div>\r\n\t\t\t\t\t<div class=\"captionPane\">\r\n\t\t\t\t\t\t<div class=\"captionTable\">\r\n\t\t\t\t\t\t\t<div class=\"captionCell\">\r\n\t\t\t\t\t\t\t\t<div class=\"captionTxt\"><\/div>\r\n\t\t\t\t\t\t\t<\/div>\r\n\t\t\t\t\t\t<\/div>\r\n\t\t\t\t\t<\/div><\/div><div class=\"btClear btSeparator bottomSemiSpaced noBorder\" ><hr><\/div><\/div><\/div><div class=\"rowItem rowInnerItem col-md-6  btTextLeft btMiddleVertical\"  ><div class=\"rowItemContent\"><header class=\"header btClear medium btDash bottomDash  btNormalDash\" ><div class=\"dash\"><h3><span class=\"headline\">\u039a\u03bf\u03bb\u03c0\u03bf\u03c3\u03ba\u03cc\u03c0\u03b7\u03c3\u03b7<\/span><\/h3><\/div><\/header><div class=\"btText\" ><\/p>\n<p>Efter att ha tagit en anamnes placeras kvinnan i gynekologisk position som under unders\u00f6kningen. En vaginal dilatator anv\u00e4nds f\u00f6r att <\/p>\n<p>\n<\/div><div class=\"btClear btSeparator bottomSemiSpaced noBorder\" ><hr><\/div><\/div><\/div><\/div><\/div><\/div><\/div><\/div><\/div><\/div><\/div><\/section><\/p>\n","protected":false},"excerpt":{"rendered":"","protected":false},"author":1,"featured_media":0,"parent":0,"menu_order":0,"comment_status":"closed","ping_status":"closed","template":"","meta":{"inline_featured_image":false,"footnotes":""},"class_list":["post-3356","page","type-page","status-publish","hentry"],"yoast_head":"<!-- This site is optimized with the Yoast SEO plugin v27.3 - https:\/\/yoast.com\/product\/yoast-seo-wordpress\/ -->\n<title>TJ\u00c4NSTER - \u039b\u03ac\u03bc\u03c0\u03c1\u03bf\u03c2 \u0399. \u0394\u03b7\u03bc\u03bf\u03bb\u03ad\u03bd\u03b7\u03c2, MD, MSc<\/title>\n<meta name=\"robots\" content=\"index, follow, max-snippet:-1, max-image-preview:large, max-video-preview:-1\" \/>\n<link rel=\"canonical\" href=\"https:\/\/drdimolenis.gr\/tjanster\/\" \/>\n<meta property=\"og:locale\" content=\"sv_SE\" \/>\n<meta property=\"og:type\" content=\"article\" \/>\n<meta property=\"og:title\" content=\"TJ\u00c4NSTER - \u039b\u03ac\u03bc\u03c0\u03c1\u03bf\u03c2 \u0399. \u0394\u03b7\u03bc\u03bf\u03bb\u03ad\u03bd\u03b7\u03c2, MD, MSc\" \/>\n<meta property=\"og:url\" content=\"https:\/\/drdimolenis.gr\/tjanster\/\" \/>\n<meta property=\"og:site_name\" content=\"\u039b\u03ac\u03bc\u03c0\u03c1\u03bf\u03c2 \u0399. \u0394\u03b7\u03bc\u03bf\u03bb\u03ad\u03bd\u03b7\u03c2, MD, MSc\" \/>\n<meta name=\"twitter:card\" content=\"summary_large_image\" \/>\n<meta name=\"twitter:label1\" content=\"Ber\u00e4knad l\u00e4stid\" \/>\n\t<meta name=\"twitter:data1\" content=\"9 minuter\" \/>\n<script type=\"application\/ld+json\" class=\"yoast-schema-graph\">{\"@context\":\"https:\\\/\\\/schema.org\",\"@graph\":[{\"@type\":\"WebPage\",\"@id\":\"https:\\\/\\\/drdimolenis.gr\\\/tjanster\\\/\",\"url\":\"https:\\\/\\\/drdimolenis.gr\\\/tjanster\\\/\",\"name\":\"TJ\u00c4NSTER - \u039b\u03ac\u03bc\u03c0\u03c1\u03bf\u03c2 \u0399. \u0394\u03b7\u03bc\u03bf\u03bb\u03ad\u03bd\u03b7\u03c2, MD, MSc\",\"isPartOf\":{\"@id\":\"https:\\\/\\\/drdimolenis.gr\\\/#website\"},\"datePublished\":\"2015-12-02T09:20:04+00:00\",\"breadcrumb\":{\"@id\":\"https:\\\/\\\/drdimolenis.gr\\\/tjanster\\\/#breadcrumb\"},\"inLanguage\":\"sv-SE\",\"potentialAction\":[{\"@type\":\"ReadAction\",\"target\":[\"https:\\\/\\\/drdimolenis.gr\\\/tjanster\\\/\"]}]},{\"@type\":\"BreadcrumbList\",\"@id\":\"https:\\\/\\\/drdimolenis.gr\\\/tjanster\\\/#breadcrumb\",\"itemListElement\":[{\"@type\":\"ListItem\",\"position\":1,\"name\":\"Home\",\"item\":\"https:\\\/\\\/drdimolenis.gr\\\/sv\\\/\"},{\"@type\":\"ListItem\",\"position\":2,\"name\":\"TJ\u00c4NSTER\"}]},{\"@type\":\"WebSite\",\"@id\":\"https:\\\/\\\/drdimolenis.gr\\\/#website\",\"url\":\"https:\\\/\\\/drdimolenis.gr\\\/\",\"name\":\"\u039b\u03ac\u03bc\u03c0\u03c1\u03bf\u03c2 \u0399. \u0394\u03b7\u03bc\u03bf\u03bb\u03ad\u03bd\u03b7\u03c2, MD, MSc\",\"description\":\"\u039c\u03b1\u03b9\u03b5\u03c5\u03c4\u03ae\u03c1\u03b1\u03c2 \u03a7\u03b5\u03b9\u03c1\u03bf\u03cd\u03c1\u03b3\u03bf\u03c2 \u0393\u03c5\u03bd\u03b1\u03b9\u03ba\u03bf\u03bb\u03cc\u03b3\u03bf\u03c2\",\"potentialAction\":[{\"@type\":\"SearchAction\",\"target\":{\"@type\":\"EntryPoint\",\"urlTemplate\":\"https:\\\/\\\/drdimolenis.gr\\\/?s={search_term_string}\"},\"query-input\":{\"@type\":\"PropertyValueSpecification\",\"valueRequired\":true,\"valueName\":\"search_term_string\"}}],\"inLanguage\":\"sv-SE\"}]}<\/script>\n<!-- \/ Yoast SEO plugin. -->","yoast_head_json":{"title":"TJ\u00c4NSTER - \u039b\u03ac\u03bc\u03c0\u03c1\u03bf\u03c2 \u0399. \u0394\u03b7\u03bc\u03bf\u03bb\u03ad\u03bd\u03b7\u03c2, MD, MSc","robots":{"index":"index","follow":"follow","max-snippet":"max-snippet:-1","max-image-preview":"max-image-preview:large","max-video-preview":"max-video-preview:-1"},"canonical":"https:\/\/drdimolenis.gr\/tjanster\/","og_locale":"sv_SE","og_type":"article","og_title":"TJ\u00c4NSTER - \u039b\u03ac\u03bc\u03c0\u03c1\u03bf\u03c2 \u0399. \u0394\u03b7\u03bc\u03bf\u03bb\u03ad\u03bd\u03b7\u03c2, MD, MSc","og_url":"https:\/\/drdimolenis.gr\/tjanster\/","og_site_name":"\u039b\u03ac\u03bc\u03c0\u03c1\u03bf\u03c2 \u0399. \u0394\u03b7\u03bc\u03bf\u03bb\u03ad\u03bd\u03b7\u03c2, MD, MSc","twitter_card":"summary_large_image","twitter_misc":{"Ber\u00e4knad l\u00e4stid":"9 minuter"},"schema":{"@context":"https:\/\/schema.org","@graph":[{"@type":"WebPage","@id":"https:\/\/drdimolenis.gr\/tjanster\/","url":"https:\/\/drdimolenis.gr\/tjanster\/","name":"TJ\u00c4NSTER - \u039b\u03ac\u03bc\u03c0\u03c1\u03bf\u03c2 \u0399. \u0394\u03b7\u03bc\u03bf\u03bb\u03ad\u03bd\u03b7\u03c2, MD, MSc","isPartOf":{"@id":"https:\/\/drdimolenis.gr\/#website"},"datePublished":"2015-12-02T09:20:04+00:00","breadcrumb":{"@id":"https:\/\/drdimolenis.gr\/tjanster\/#breadcrumb"},"inLanguage":"sv-SE","potentialAction":[{"@type":"ReadAction","target":["https:\/\/drdimolenis.gr\/tjanster\/"]}]},{"@type":"BreadcrumbList","@id":"https:\/\/drdimolenis.gr\/tjanster\/#breadcrumb","itemListElement":[{"@type":"ListItem","position":1,"name":"Home","item":"https:\/\/drdimolenis.gr\/sv\/"},{"@type":"ListItem","position":2,"name":"TJ\u00c4NSTER"}]},{"@type":"WebSite","@id":"https:\/\/drdimolenis.gr\/#website","url":"https:\/\/drdimolenis.gr\/","name":"\u039b\u03ac\u03bc\u03c0\u03c1\u03bf\u03c2 \u0399. \u0394\u03b7\u03bc\u03bf\u03bb\u03ad\u03bd\u03b7\u03c2, MD, MSc","description":"\u039c\u03b1\u03b9\u03b5\u03c5\u03c4\u03ae\u03c1\u03b1\u03c2 \u03a7\u03b5\u03b9\u03c1\u03bf\u03cd\u03c1\u03b3\u03bf\u03c2 \u0393\u03c5\u03bd\u03b1\u03b9\u03ba\u03bf\u03bb\u03cc\u03b3\u03bf\u03c2","potentialAction":[{"@type":"SearchAction","target":{"@type":"EntryPoint","urlTemplate":"https:\/\/drdimolenis.gr\/?s={search_term_string}"},"query-input":{"@type":"PropertyValueSpecification","valueRequired":true,"valueName":"search_term_string"}}],"inLanguage":"sv-SE"}]}},"_links":{"self":[{"href":"https:\/\/drdimolenis.gr\/sv\/wp-json\/wp\/v2\/pages\/3356","targetHints":{"allow":["GET"]}}],"collection":[{"href":"https:\/\/drdimolenis.gr\/sv\/wp-json\/wp\/v2\/pages"}],"about":[{"href":"https:\/\/drdimolenis.gr\/sv\/wp-json\/wp\/v2\/types\/page"}],"author":[{"embeddable":true,"href":"https:\/\/drdimolenis.gr\/sv\/wp-json\/wp\/v2\/users\/1"}],"replies":[{"embeddable":true,"href":"https:\/\/drdimolenis.gr\/sv\/wp-json\/wp\/v2\/comments?post=3356"}],"version-history":[{"count":0,"href":"https:\/\/drdimolenis.gr\/sv\/wp-json\/wp\/v2\/pages\/3356\/revisions"}],"wp:attachment":[{"href":"https:\/\/drdimolenis.gr\/sv\/wp-json\/wp\/v2\/media?parent=3356"}],"curies":[{"name":"wp","href":"https:\/\/api.w.org\/{rel}","templated":true}]}}