{"id":3363,"date":"2015-12-02T09:18:03","date_gmt":"2015-12-02T09:18:03","guid":{"rendered":"https:\/\/drdimolenis.gr\/%ce%bb%ce%ac%ce%bc%cf%80%cf%81%ce%bf%cf%82-%ce%b9-%ce%b4%ce%b7%ce%bc%ce%bf%ce%bb%ce%ad%ce%bd%ce%b7%cf%82\/"},"modified":"2026-04-07T09:32:11","modified_gmt":"2026-04-07T09:32:11","slug":"lampros-dimolenis","status":"publish","type":"page","link":"https:\/\/drdimolenis.gr\/sv\/lampros-dimolenis\/","title":{"rendered":"Lambros I. Dimolenis"},"content":{"rendered":"<p><section id=\"bt_section69dcf1f64c846\"  class=\"boldSection btDivider topExtraSpaced btDarkSkin gutter inherit\" style=\"background-color:rgb(194,148,153);\"><div class=\"port\"><div class=\"boldCell\"><div class=\"boldCellInner\"><div class=\"boldRow  \" ><div class=\"boldRowInner\"><div class=\"rowItem col-md-8 col-ms-12 btTextLeft btMiddleVertical doc-h\"  ><div class=\"rowItemContent\" ><div class=\"btClear btSeparator topExtraSmallSpaced bottomExtraSmallSpaced noBorder\" ><hr><\/div><header class=\"header btClear large btDash bottomDash  btAccentDash\" ><div class=\"dash\"><h2><span class=\"headline\">Lambros I. Dimolenis<\/span><\/h2><\/div><div class=\"btSubTitle\">Jag heter Lampros Dimolenis och \u00e4r gynekolog med inriktning p\u00e5 reproduktion. Jag har utbildad mig i Sverige och \u00e4r medlem i SFOG (Svenska F\u00f6reningen i Obstetrik i Gynekologi) och i SSRM (Svenska S\u00e4llskapet f\u00f6r Reproduktionsmedicinen). Nu jobbar jag i Aten och \u00e4r samarbetspartner med Reproduktionsmedicinska kliniken \u201cEmbryoland\u201d.<\/div><\/header><\/div><\/div><div class=\"rowItem col-md-4 col-ms-12 btTextLeft btBottomVertical bio-doc\"  ><div class=\"rowItemContent\" ><div class=\"bpgPhoto btTextCenter doc-img\" ><div class=\"btImage\"><img decoding=\"async\" src=\"https:\/\/drdimolenis.gr\/wp-content\/uploads\/2022\/10\/doctor-nea.png\" alt=\"\" title=\"\"><\/div><\/div><\/div><\/div><\/div><\/div><\/div><\/div><\/div><\/section><section id=\"bt_section69dcf1f64ce9a\"  class=\"boldSection topSpaced bottomSpaced gutter inherit\" style=\"background-color:#f1f1f1;\"><div class=\"port\"><div class=\"boldCell\"><div class=\"boldCellInner\"><div class=\"boldRow  \" ><div class=\"boldRowInner\"><div class=\"rowItem col-md-8 col-ms-12 btTextLeft inherit btDoublePadding\"  ><div class=\"rowItemContent\" ><div class=\"btClear btSeparator bottomSemiSpaced noBorder\" ><hr><\/div><div class=\"boldRow boldInnerRow  \" ><div class=\"rowItem rowInnerItem col-md-12  btTextLeft inherit doc-text\"  ><div class=\"rowItemContent\"><div class=\"btText\" ><\/p>\n<p>V\u00e5r klinik h\u00e4r en bred verksamhet inom Reproduktion: IVF, ICSI, \u00c4ggfreezing, \u00c4ggdonation med nordiska egenskaper, homologer eller eterologer Insemination, R\u00e5dgivning f\u00f6r b\u00e5de par och ensamst\u00e5ende kvinnor, fr\u00e5n hela v\u00e4rlden, fr\u00e4mst fr\u00e5n Grekland, USA och Australien.<\/p>\n<p>Eftersom jag har bott och utbildad mig i Sverige, v\u00e5r klinik har f\u00f6reslagit att vi f\u00e5r \u00e4ven erbjuda v\u00e5ra tj\u00e4nster till kvinnor fr\u00e5n Sverige (och Skandinavien i allmn\u00e4het) genom att fastst\u00e4lla specialpriser.<\/p>\n<p>Ni \u00e4r v\u00e4lkommna att kontakta mig p\u00e5 min e-post address: <a href=\"mailto:ivf.grekland@gmail.com\">ivf.grekland@gmail.com<\/a> f\u00f6r mer information, samt f\u00f6r bara konsultation om reproduktiva fr\u00e5gor.<\/p>\n<p>Om ni beh\u00f6ver n\u00e5gon behandling erbjuder vi er g\u00e4rna vara tj\u00e4nster fr\u00e5n en svensktalande l\u00e4kare och till specialpriser.<\/p>\n<p>\n<\/div><\/div><\/div><\/div><\/div><\/div><div class=\"rowItem col-md-4 col-ms-12 btTextCenter btTextIndent btTopVertical btDoublePadding btDarkSkin doc-hr\" style=\"background-color:rgb(194,148,153);\" ><div class=\"rowItemContent\" ><div class=\"btClear btSeparator topSemiSpaced noBorder\" ><hr><\/div><header class=\"header btClear medium  btNormalDash\" ><div class=\"dash\"><h3><span class=\"headline\">\u00d6PPETTIDER<\/span><\/h3><\/div><\/header><div class=\"btText\" ><\/p>\n<p>Boka din n\u00e4sta tid hos l\u00e4karen under f\u00f6ljande tider:<\/p>\n<p>\n<\/div><div class=\"btClear btSeparator topExtraSmallSpaced bottomExtraSmallSpaced noBorder\" ><hr><\/div><div class=\"btWorkingHours  btWorkingHoursHasLink \" ><div class=\"btWorkingHoursInner\"><div class=\"btWorkingHoursInnerRow\"><div class=\"btWorkingHoursInnerTitle\">M\u00e5ndag<\/div><div class=\"btWorkingHoursInnerContent\">9:00 &#8211; 21:00<\/div><div class=\"btWorkingHoursInnerLink\"><a href=\"epikinonia<br \/>&#8221; title=&#8221;\u039a\u039b\u0395\u0399\u03a3\u03a4\u0395&#8221;>\u039a\u039b\u0395\u0399\u03a3\u03a4\u0395<\/a><\/div><\/div><div class=\"btWorkingHoursInnerRow\"><div class=\"btWorkingHoursInnerTitle\">Tisdag<\/div><div class=\"btWorkingHoursInnerContent\">9:00 &#8211; 21:00<\/div><div class=\"btWorkingHoursInnerLink\"><a href=\"epikinonia<br \/>&#8221; title=&#8221;\u039a\u039b\u0395\u0399\u03a3\u03a4\u0395&#8221;>\u039a\u039b\u0395\u0399\u03a3\u03a4\u0395<\/a><\/div><\/div><div class=\"btWorkingHoursInnerRow\"><div class=\"btWorkingHoursInnerTitle\">Onsdag<\/div><div class=\"btWorkingHoursInnerContent\">9:00 &#8211; 21:00<\/div><div class=\"btWorkingHoursInnerLink\"><a href=\"epikinonia<br \/>&#8221; title=&#8221;\u039a\u039b\u0395\u0399\u03a3\u03a4\u0395&#8221;>\u039a\u039b\u0395\u0399\u03a3\u03a4\u0395<\/a><\/div><\/div><div class=\"btWorkingHoursInnerRow\"><div class=\"btWorkingHoursInnerTitle\">Torsdag<\/div><div class=\"btWorkingHoursInnerContent\">9:00 &#8211; 21:00<\/div><div class=\"btWorkingHoursInnerLink\"><a href=\"epikinonia<br \/>&#8221; title=&#8221;\u039a\u039b\u0395\u0399\u03a3\u03a4\u0395&#8221;>\u039a\u039b\u0395\u0399\u03a3\u03a4\u0395<\/a><\/div><\/div><div class=\"btWorkingHoursInnerRow\"><div class=\"btWorkingHoursInnerTitle\">Fredag<\/div><div class=\"btWorkingHoursInnerContent\">9:00 &#8211; 21:00<\/div><div class=\"btWorkingHoursInnerLink\"><a href=\"epikinonia\" title=\"\u039a\u039b\u0395\u0399\u03a3\u03a4\u0395\">\u039a\u039b\u0395\u0399\u03a3\u03a4\u0395<\/a><\/div><\/div><\/div><\/div><div class=\"btClear btSeparator topExtraSmallSpaced bottomExtraSmallSpaced noBorder\" ><hr><\/div><\/div><\/div><\/div><\/div><\/div><\/div><\/div><\/section><section id=\"bt_section69dcf1f64d56c\"  class=\"boldSection topSpaced bottomSpaced gutter inherit bt_bb_hidden_xs bt_bb_hidden_ms bt_bb_hidden_sm bt_bb_hidden_md bt_bb_hidden_lg\" style=\"background-color:rgb(241,236,230);\"><div class=\"port\"><div class=\"boldCell\"><div class=\"boldCellInner\"><div class=\"boldRow sinedria \" ><div class=\"boldRowInner\"><div class=\"rowItem col-md-12 col-ms-12  btTextLeft inherit btDoublePadding\"  ><div class=\"rowItemContent\" ><div class=\"btText\" ><\/p>\n<p>\n\u0395\u03af\u03bd\u03b1\u03b9 \u03b1\u03c0\u03cc\u03c6\u03bf\u03b9\u03c4\u03bf\u03c2 \u03c4\u03b7\u03c2 \u0399\u03b1\u03c4\u03c1\u03b9\u03ba\u03ae\u03c2 \u03a3\u03c7\u03bf\u03bb\u03ae\u03c2 \u03c4\u03bf\u03c5 \u03a0\u03b1\u03bd\u03b5\u03c0\u03b9\u03c3\u03c4\u03b7\u03bc\u03af\u03bf\u03c5 \u0391\u03b8\u03b7\u03bd\u03ce\u03bd \u03ba\u03b1\u03b9 \u03ba\u03ac\u03c4\u03bf\u03c7\u03bf\u03c2 \u03c4\u03bf\u03c5 \u039c\u03b5\u03c4\u03b5\u03ba\u03c0\u03b1\u03b9\u03b4\u03b5\u03c5\u03c4\u03b9\u03ba\u03bf\u03cd \u03a0\u03c1\u03bf\u03b3\u03c1\u03ac\u03bc\u03bc\u03b1\u03c4\u03bf\u03c2 (Master) &#8221;\u0388\u03c1\u03b5\u03c5\u03bd\u03b1 \u03c3\u03c4\u03b7\u03bd \u0393\u03c5\u03bd\u03b1\u03b9\u03ba\u03b5\u03af\u03b1 \u0391\u03bd\u03b1\u03c0\u03b1\u03c1\u03b1\u03b3\u03c9\u03b3\u03ae\u2019&#8221;, \u03c3\u03c4\u03bf \u03bf\u03c0\u03bf\u03af\u03bf \u03b5\u03c0\u03b9\u03bb\u03ad\u03c7\u03b8\u03b7\u03ba\u03b5 \u03bd\u03b1 \u03c3\u03c5\u03bc\u03bc\u03b5\u03c4\u03ac\u03c3\u03c7\u03b5\u03b9 \u03c3\u03c4\u03b7\u03bd \u03a0\u03c1\u03ce\u03c4\u03b7 \u03a3\u03b5\u03b9\u03c1\u03ac \u03a0\u03c1\u03bf\u03ba\u03ae\u03c1\u03c5\u03be\u03b7\u03c2 \u03c4\u03bf\u03c5. \u0391\u03c0\u03bf\u03c6\u03bf\u03af\u03c4\u03b7\u03c3\u03b5 \u03bc\u03b5 \u03b2\u03b1\u03b8\u03bc\u03cc &#8221;\u0386\u03c1\u03b9\u03c3\u03c4\u03b1, 9.35&#8221;. \u0394\u03b9\u03bf\u03c1\u03b3\u03b1\u03bd\u03ce\u03b8\u03b7\u03ba\u03b5 \u03b1\u03c0\u03cc \u03c4\u03b7\u03bd \u0392&#8217; \u039c\u03b1\u03b9\u03b5\u03c5\u03c4\u03b9\u03ba\u03ae &#8211; \u0393\u03c5\u03bd\u03b1\u03b9\u03ba\u03bf\u03bb\u03bf\u03b3\u03b9\u03ba\u03ae \u039a\u03bb\u03b9\u03bd\u03b9\u03ba\u03ae \u03c4\u03bf\u03c5 \u03a0\u03b1\u03bd\u03b5\u03c0\u03b9\u03c3\u03c4\u03b7\u03bc\u03af\u03bf\u03c5 \u0391\u03b8\u03b7\u03bd\u03ce\u03bd.  <\/p>\n<p>\u0388\u03c7\u03b5\u03b9 \u03b5\u03c1\u03b3\u03b1\u03c3\u03c4\u03b5\u03af \u03c3\u03c4\u03b7\u03bd \u039c\u03b1\u03b9\u03b5\u03c5\u03c4\u03b9\u03ba\u03ae-\u0393\u03c5\u03bd\u03b1\u03b9\u03ba\u03bf\u03bb\u03bf\u03b3\u03b9\u03ba\u03ae \u03ba\u03bb\u03b9\u03bd\u03b9\u03ba\u03ae \u03c4\u03bf\u03c5 \u039d\u03bf\u03c3\u03bf\u03ba\u03bf\u03bc\u03b5\u03af\u03bf\u03c5 H\u00e4lsinglands Sjukhus \u03c4\u03b7\u03c2 \u03a3\u03bf\u03c5\u03b7\u03b4\u03af\u03b1\u03c2 \u03b1\u03c0\u03cc \u03c4\u03bf 2005 \u03bc\u03ad\u03c7\u03c1\u03b9 \u03ba\u03b1\u03b9 \u03c4\u03bf 2007.<\/p>\n<p>\u0391\u03c0\u03cc \u03c4\u03bf 2006 \u03b5\u03af\u03bd\u03b1\u03b9 \u03bc\u03ad\u03bb\u03bf\u03c2 \u03c4\u03b7\u03c2 \u03a3\u03bf\u03c5\u03b7\u03b4\u03b9\u03ba\u03ae\u03c2 \u0388\u03bd\u03c9\u03c3\u03b7\u03c2 \u039c\u03b1\u03b9\u03b5\u03c5\u03c4\u03ae\u03c1\u03c9\u03bd \u0393\u03c5\u03bd\u03b1\u03b9\u03ba\u03bf\u03bb\u03cc\u03b3\u03c9\u03bd (SFOG) \u03ba\u03b1\u03b9 \u03b1\u03c0\u03cc \u03c4\u03bf 2017 \u03b5\u03af\u03bd\u03b1\u03b9 \u03bc\u03ad\u03bb\u03bf\u03c2 \u03c4\u03b7\u03c2 \u03a3\u03bf\u03c5\u03b7\u03b4\u03b9\u03ba\u03ae\u03c2 \u0395\u03c4\u03b1\u03b9\u03c1\u03b5\u03af\u03b1\u03c2 \u0391\u03bd\u03b1\u03c0\u03b1\u03c1\u03b1\u03b3\u03c9\u03b3\u03b9\u03ba\u03ae\u03c2 \u0399\u03b1\u03c4\u03c1\u03b9\u03ba\u03ae\u03c2 (SSRM).<\/p>\n<p>\u03a4\u03bf 2017 \u03c5\u03c0\u03cc \u03c4\u03b7\u03bd \u03b1\u03b9\u03b3\u03af\u03b4\u03b1 \u03c4\u03b7\u03c2 \u03a3\u03bf\u03c5\u03b7\u03b4\u03b9\u03ba\u03ae\u03c2 \u0388\u03bd\u03c9\u03c3\u03b7\u03c2 \u039c\u03b1\u03b9\u03b5\u03c5\u03c4\u03ae\u03c1\u03c9\u03bd &#8211; \u0393\u03c5\u03bd\u03b1\u03b9\u03ba\u03bf\u03bb\u03cc\u03b3\u03c9\u03bd \u03ad\u03bb\u03b1\u03b2\u03b5 \u03bc\u03b5\u03c4\u03b5\u03ba\u03c0\u03b1\u03af\u03b4\u03b5\u03c5\u03c3\u03b7 \u03bc\u03b5 \u03b1\u03bd\u03c4\u03b9\u03ba\u03b5\u03af\u03bc\u03b5\u03bd\u03bf &#8221;\u0391\u03bd\u03b1\u03c0\u03b1\u03c1\u03b1\u03b3\u03c9\u03b3\u03b9\u03ba\u03ae \u0399\u03b1\u03c4\u03c1\u03b9\u03ba\u03ae \u03ba\u03b1\u03b9 \u03a7\u03b5\u03b9\u03c1\u03bf\u03c5\u03c1\u03b3\u03b9\u03ba\u03ae&#8221; \u03c3\u03c4\u03b7 \u03a3\u03c4\u03bf\u03ba\u03c7\u03cc\u03bb\u03bc\u03b7 \u03ba\u03b1\u03b9 \u03c4\u03bf 2019 \u03bc\u03b5 \u03b1\u03bd\u03c4\u03b9\u03ba\u03b5\u03af\u03bc\u03b5\u03bd\u03bf &#8221;\u0394\u03b9\u03b1\u03b3\u03bd\u03c9\u03c3\u03c4\u03b9\u03ba\u03ae \u03ba\u03b1\u03b9 \u0395\u03c0\u03b5\u03bc\u03b2\u03b1\u03c4\u03b9\u03ba\u03ae \u03a5\u03c3\u03c4\u03b5\u03c1\u03bf\u03c3\u03ba\u03cc\u03c0\u03b7\u03c3\u03b7&#8221; \u03c3\u03c4\u03bf Lidk\u00f6ping.<br \/>\n\u03a4\u03ad\u03bb\u03bf\u03c2, \u03b5\u03af\u03bd\u03b1\u03b9 \u03a3\u03c5\u03bd\u03b5\u03c1\u03b3\u03ac\u03c4\u03b7\u03c2 \u0399\u03b1\u03c4\u03c1\u03cc\u03c2 \u03c4\u03bf\u03c5 \u039a\u03ad\u03bd\u03c4\u03c1\u03bf\u03c5 \u03a5\u03c0\u03bf\u03b2\u03bf\u03b7\u03b8\u03bf\u03cd\u03bc\u03b5\u03bd\u03b7\u03c2 \u0391\u03bd\u03b1\u03c0\u03b1\u03c1\u03b1\u03b3\u03c9\u03b3\u03ae\u03c2 Embryoland.<\/p>\n<p>\n<\/div><\/div><\/div><\/div><\/div><\/div><\/div><\/div><\/section><\/p>\n","protected":false},"excerpt":{"rendered":"","protected":false},"author":1,"featured_media":3366,"parent":0,"menu_order":0,"comment_status":"closed","ping_status":"closed","template":"","meta":{"inline_featured_image":false,"footnotes":""},"class_list":["post-3363","page","type-page","status-publish","has-post-thumbnail","hentry"],"yoast_head":"<!-- This site is optimized with the Yoast SEO plugin v27.3 - https:\/\/yoast.com\/product\/yoast-seo-wordpress\/ -->\n<title>Lambros I. Dimolenis - \u039b\u03ac\u03bc\u03c0\u03c1\u03bf\u03c2 \u0399. \u0394\u03b7\u03bc\u03bf\u03bb\u03ad\u03bd\u03b7\u03c2, MD, MSc<\/title>\n<meta name=\"robots\" content=\"index, follow, max-snippet:-1, max-image-preview:large, max-video-preview:-1\" \/>\n<link rel=\"canonical\" href=\"https:\/\/drdimolenis.gr\/sv\/lampros-dimolenis\/\" \/>\n<meta property=\"og:locale\" content=\"sv_SE\" \/>\n<meta property=\"og:type\" content=\"article\" \/>\n<meta property=\"og:title\" content=\"Lambros I. Dimolenis - \u039b\u03ac\u03bc\u03c0\u03c1\u03bf\u03c2 \u0399. \u0394\u03b7\u03bc\u03bf\u03bb\u03ad\u03bd\u03b7\u03c2, MD, MSc\" \/>\n<meta property=\"og:url\" content=\"https:\/\/drdimolenis.gr\/sv\/lampros-dimolenis\/\" \/>\n<meta property=\"og:site_name\" content=\"\u039b\u03ac\u03bc\u03c0\u03c1\u03bf\u03c2 \u0399. \u0394\u03b7\u03bc\u03bf\u03bb\u03ad\u03bd\u03b7\u03c2, MD, MSc\" \/>\n<meta property=\"article:modified_time\" content=\"2026-04-07T09:32:11+00:00\" \/>\n<meta property=\"og:image\" content=\"https:\/\/drdimolenis.gr\/wp-content\/uploads\/2022\/10\/doctor_home.jpg\" \/>\n\t<meta property=\"og:image:width\" content=\"500\" \/>\n\t<meta property=\"og:image:height\" content=\"500\" \/>\n\t<meta property=\"og:image:type\" content=\"image\/jpeg\" \/>\n<meta name=\"twitter:card\" content=\"summary_large_image\" \/>\n<meta name=\"twitter:label1\" content=\"Ber\u00e4knad l\u00e4stid\" \/>\n\t<meta name=\"twitter:data1\" content=\"3 minuter\" \/>\n<script type=\"application\/ld+json\" class=\"yoast-schema-graph\">{\"@context\":\"https:\\\/\\\/schema.org\",\"@graph\":[{\"@type\":\"WebPage\",\"@id\":\"https:\\\/\\\/drdimolenis.gr\\\/sv\\\/lampros-dimolenis\\\/\",\"url\":\"https:\\\/\\\/drdimolenis.gr\\\/sv\\\/lampros-dimolenis\\\/\",\"name\":\"Lambros I. Dimolenis - \u039b\u03ac\u03bc\u03c0\u03c1\u03bf\u03c2 \u0399. \u0394\u03b7\u03bc\u03bf\u03bb\u03ad\u03bd\u03b7\u03c2, MD, MSc\",\"isPartOf\":{\"@id\":\"https:\\\/\\\/drdimolenis.gr\\\/#website\"},\"primaryImageOfPage\":{\"@id\":\"https:\\\/\\\/drdimolenis.gr\\\/sv\\\/lampros-dimolenis\\\/#primaryimage\"},\"image\":{\"@id\":\"https:\\\/\\\/drdimolenis.gr\\\/sv\\\/lampros-dimolenis\\\/#primaryimage\"},\"thumbnailUrl\":\"https:\\\/\\\/drdimolenis.gr\\\/wp-content\\\/uploads\\\/2022\\\/10\\\/doctor_home.jpg\",\"datePublished\":\"2015-12-02T09:18:03+00:00\",\"dateModified\":\"2026-04-07T09:32:11+00:00\",\"breadcrumb\":{\"@id\":\"https:\\\/\\\/drdimolenis.gr\\\/sv\\\/lampros-dimolenis\\\/#breadcrumb\"},\"inLanguage\":\"sv-SE\",\"potentialAction\":[{\"@type\":\"ReadAction\",\"target\":[\"https:\\\/\\\/drdimolenis.gr\\\/sv\\\/lampros-dimolenis\\\/\"]}]},{\"@type\":\"ImageObject\",\"inLanguage\":\"sv-SE\",\"@id\":\"https:\\\/\\\/drdimolenis.gr\\\/sv\\\/lampros-dimolenis\\\/#primaryimage\",\"url\":\"https:\\\/\\\/drdimolenis.gr\\\/wp-content\\\/uploads\\\/2022\\\/10\\\/doctor_home.jpg\",\"contentUrl\":\"https:\\\/\\\/drdimolenis.gr\\\/wp-content\\\/uploads\\\/2022\\\/10\\\/doctor_home.jpg\",\"width\":500,\"height\":500},{\"@type\":\"BreadcrumbList\",\"@id\":\"https:\\\/\\\/drdimolenis.gr\\\/sv\\\/lampros-dimolenis\\\/#breadcrumb\",\"itemListElement\":[{\"@type\":\"ListItem\",\"position\":1,\"name\":\"Home\",\"item\":\"https:\\\/\\\/drdimolenis.gr\\\/sv\\\/\"},{\"@type\":\"ListItem\",\"position\":2,\"name\":\"Lambros I. Dimolenis\"}]},{\"@type\":\"WebSite\",\"@id\":\"https:\\\/\\\/drdimolenis.gr\\\/#website\",\"url\":\"https:\\\/\\\/drdimolenis.gr\\\/\",\"name\":\"\u039b\u03ac\u03bc\u03c0\u03c1\u03bf\u03c2 \u0399. \u0394\u03b7\u03bc\u03bf\u03bb\u03ad\u03bd\u03b7\u03c2, MD, MSc\",\"description\":\"\u039c\u03b1\u03b9\u03b5\u03c5\u03c4\u03ae\u03c1\u03b1\u03c2 \u03a7\u03b5\u03b9\u03c1\u03bf\u03cd\u03c1\u03b3\u03bf\u03c2 \u0393\u03c5\u03bd\u03b1\u03b9\u03ba\u03bf\u03bb\u03cc\u03b3\u03bf\u03c2\",\"potentialAction\":[{\"@type\":\"SearchAction\",\"target\":{\"@type\":\"EntryPoint\",\"urlTemplate\":\"https:\\\/\\\/drdimolenis.gr\\\/?s={search_term_string}\"},\"query-input\":{\"@type\":\"PropertyValueSpecification\",\"valueRequired\":true,\"valueName\":\"search_term_string\"}}],\"inLanguage\":\"sv-SE\"}]}<\/script>\n<!-- \/ Yoast SEO plugin. -->","yoast_head_json":{"title":"Lambros I. Dimolenis - \u039b\u03ac\u03bc\u03c0\u03c1\u03bf\u03c2 \u0399. \u0394\u03b7\u03bc\u03bf\u03bb\u03ad\u03bd\u03b7\u03c2, MD, MSc","robots":{"index":"index","follow":"follow","max-snippet":"max-snippet:-1","max-image-preview":"max-image-preview:large","max-video-preview":"max-video-preview:-1"},"canonical":"https:\/\/drdimolenis.gr\/sv\/lampros-dimolenis\/","og_locale":"sv_SE","og_type":"article","og_title":"Lambros I. Dimolenis - \u039b\u03ac\u03bc\u03c0\u03c1\u03bf\u03c2 \u0399. \u0394\u03b7\u03bc\u03bf\u03bb\u03ad\u03bd\u03b7\u03c2, MD, MSc","og_url":"https:\/\/drdimolenis.gr\/sv\/lampros-dimolenis\/","og_site_name":"\u039b\u03ac\u03bc\u03c0\u03c1\u03bf\u03c2 \u0399. \u0394\u03b7\u03bc\u03bf\u03bb\u03ad\u03bd\u03b7\u03c2, MD, MSc","article_modified_time":"2026-04-07T09:32:11+00:00","og_image":[{"width":500,"height":500,"url":"https:\/\/drdimolenis.gr\/wp-content\/uploads\/2022\/10\/doctor_home.jpg","type":"image\/jpeg"}],"twitter_card":"summary_large_image","twitter_misc":{"Ber\u00e4knad l\u00e4stid":"3 minuter"},"schema":{"@context":"https:\/\/schema.org","@graph":[{"@type":"WebPage","@id":"https:\/\/drdimolenis.gr\/sv\/lampros-dimolenis\/","url":"https:\/\/drdimolenis.gr\/sv\/lampros-dimolenis\/","name":"Lambros I. Dimolenis - \u039b\u03ac\u03bc\u03c0\u03c1\u03bf\u03c2 \u0399. \u0394\u03b7\u03bc\u03bf\u03bb\u03ad\u03bd\u03b7\u03c2, MD, MSc","isPartOf":{"@id":"https:\/\/drdimolenis.gr\/#website"},"primaryImageOfPage":{"@id":"https:\/\/drdimolenis.gr\/sv\/lampros-dimolenis\/#primaryimage"},"image":{"@id":"https:\/\/drdimolenis.gr\/sv\/lampros-dimolenis\/#primaryimage"},"thumbnailUrl":"https:\/\/drdimolenis.gr\/wp-content\/uploads\/2022\/10\/doctor_home.jpg","datePublished":"2015-12-02T09:18:03+00:00","dateModified":"2026-04-07T09:32:11+00:00","breadcrumb":{"@id":"https:\/\/drdimolenis.gr\/sv\/lampros-dimolenis\/#breadcrumb"},"inLanguage":"sv-SE","potentialAction":[{"@type":"ReadAction","target":["https:\/\/drdimolenis.gr\/sv\/lampros-dimolenis\/"]}]},{"@type":"ImageObject","inLanguage":"sv-SE","@id":"https:\/\/drdimolenis.gr\/sv\/lampros-dimolenis\/#primaryimage","url":"https:\/\/drdimolenis.gr\/wp-content\/uploads\/2022\/10\/doctor_home.jpg","contentUrl":"https:\/\/drdimolenis.gr\/wp-content\/uploads\/2022\/10\/doctor_home.jpg","width":500,"height":500},{"@type":"BreadcrumbList","@id":"https:\/\/drdimolenis.gr\/sv\/lampros-dimolenis\/#breadcrumb","itemListElement":[{"@type":"ListItem","position":1,"name":"Home","item":"https:\/\/drdimolenis.gr\/sv\/"},{"@type":"ListItem","position":2,"name":"Lambros I. Dimolenis"}]},{"@type":"WebSite","@id":"https:\/\/drdimolenis.gr\/#website","url":"https:\/\/drdimolenis.gr\/","name":"\u039b\u03ac\u03bc\u03c0\u03c1\u03bf\u03c2 \u0399. \u0394\u03b7\u03bc\u03bf\u03bb\u03ad\u03bd\u03b7\u03c2, MD, MSc","description":"\u039c\u03b1\u03b9\u03b5\u03c5\u03c4\u03ae\u03c1\u03b1\u03c2 \u03a7\u03b5\u03b9\u03c1\u03bf\u03cd\u03c1\u03b3\u03bf\u03c2 \u0393\u03c5\u03bd\u03b1\u03b9\u03ba\u03bf\u03bb\u03cc\u03b3\u03bf\u03c2","potentialAction":[{"@type":"SearchAction","target":{"@type":"EntryPoint","urlTemplate":"https:\/\/drdimolenis.gr\/?s={search_term_string}"},"query-input":{"@type":"PropertyValueSpecification","valueRequired":true,"valueName":"search_term_string"}}],"inLanguage":"sv-SE"}]}},"_links":{"self":[{"href":"https:\/\/drdimolenis.gr\/sv\/wp-json\/wp\/v2\/pages\/3363","targetHints":{"allow":["GET"]}}],"collection":[{"href":"https:\/\/drdimolenis.gr\/sv\/wp-json\/wp\/v2\/pages"}],"about":[{"href":"https:\/\/drdimolenis.gr\/sv\/wp-json\/wp\/v2\/types\/page"}],"author":[{"embeddable":true,"href":"https:\/\/drdimolenis.gr\/sv\/wp-json\/wp\/v2\/users\/1"}],"replies":[{"embeddable":true,"href":"https:\/\/drdimolenis.gr\/sv\/wp-json\/wp\/v2\/comments?post=3363"}],"version-history":[{"count":5,"href":"https:\/\/drdimolenis.gr\/sv\/wp-json\/wp\/v2\/pages\/3363\/revisions"}],"predecessor-version":[{"id":3371,"href":"https:\/\/drdimolenis.gr\/sv\/wp-json\/wp\/v2\/pages\/3363\/revisions\/3371"}],"wp:featuredmedia":[{"embeddable":true,"href":"https:\/\/drdimolenis.gr\/sv\/wp-json\/wp\/v2\/media\/3366"}],"wp:attachment":[{"href":"https:\/\/drdimolenis.gr\/sv\/wp-json\/wp\/v2\/media?parent=3363"}],"curies":[{"name":"wp","href":"https:\/\/api.w.org\/{rel}","templated":true}]}}