{"id":3404,"date":"2018-03-13T14:47:56","date_gmt":"2018-03-13T14:47:56","guid":{"rendered":"https:\/\/drdimolenis.gr\/footer\/"},"modified":"2026-04-07T11:01:07","modified_gmt":"2026-04-07T11:01:07","slug":"footer","status":"publish","type":"page","link":"https:\/\/drdimolenis.gr\/sv\/footer\/","title":{"rendered":"Footer"},"content":{"rendered":"<p><section id=\"bt_section69f3de948a5a3\"  class=\"boldSection topSemiSpaced bottomSemiSpaced btDarkSkin gutter inherit footer\" style=\"background-color:rgba(189,118,58,0.2);\"><div class=\"port\"><div class=\"boldCell\"><div class=\"boldCellInner\"><div class=\"boldRow  \" ><div class=\"boldRowInner\"><div class=\"rowItem col-md-12 col-ms-12  btTextLeft\"  ><div class=\"rowItemContent\" ><div class=\"btClear btSeparator topExtraSmallSpaced bottomExtraSmallSpaced noBorder\" ><hr><\/div><\/div><\/div><\/div><\/div><div class=\"boldRow  bt_bb_hidden_xs bt_bb_hidden_ms bt_bb_hidden_sm\" ><div class=\"boldRowInner\"><div class=\"rowItem col-md-4 col-ms-12 btTextLeft btMiddleVertical footer-left\"  ><div class=\"rowItemContent\" ><div class=\"btIconImageRow\" ><div class=\"bpgPhoto btTextCenter\" ><div class=\"btImage\"><img decoding=\"async\" src=\"https:\/\/drdimolenis.gr\/wp-content\/uploads\/2022\/10\/footern.png\" alt=\"\" title=\"\"><\/div><\/div><\/div><div class=\"btClear btSeparator topSmallSpaced noBorder\" ><hr><\/div><div class=\"btClear btSeparator topExtraSmallSpaced noBorder bt_bb_hidden_xs bt_bb_hidden_ms bt_bb_hidden_sm\" ><hr><\/div><div class=\"btText\" ><\/p>\n<p>\nTveka inte att kontakta oss om du har n\u00e5gra fr\u00e5gor g\u00e4llande gynekologi.<\/p>\n<p>\n<\/div><\/div><\/div><div class=\"rowItem col-md-4 col-ms-12 btTextCenter btMiddleVertical\"  ><div class=\"rowItemContent\" ><div class=\"btClear btSeparator topSmallSpaced bottomExtraSmallSpaced noBorder\" ><hr><\/div><header class=\"header btClear medium  btNormalDash\" ><div class=\"dash\"><h3><span class=\"headline\">ANV\u00c4NDBARA L\u00c4NKAR<\/span><\/h3><\/div><\/header><div class=\"btClear btSeparator topSmallSpaced bottomExtraSmallSpaced noBorder\" ><hr><\/div><div class=\"btCustomMenu \" ><div class=\"menu-footer-menu-%cf%83%ce%bf%cf%85%ce%b7%ce%b4%ce%b9%ce%ba%ce%ac-container\"><ul id=\"menu-footer-menu-%cf%83%ce%bf%cf%85%ce%b7%ce%b4%ce%b9%ce%ba%ce%ac\" class=\"menu\"><li id=\"menu-item-3388\" class=\"menu-item menu-item-type-post_type menu-item-object-page menu-item-3388\"><a href=\"https:\/\/drdimolenis.gr\/sv\/lampros-dimolenis\/\">L\u00c4KARE<\/a><\/li><li id=\"menu-item-3389\" class=\"menu-item menu-item-type-post_type menu-item-object-page menu-item-3389\"><a href=\"https:\/\/drdimolenis.gr\/sv\/klinik\/\">KLINIK<\/a><\/li><li id=\"menu-item-3390\" class=\"menu-item menu-item-type-post_type menu-item-object-page current_page_parent menu-item-3390\"><a href=\"https:\/\/drdimolenis.gr\/sv\/artiklar\/\">ARTIKLAR<\/a><\/li>\n<\/ul><\/div><\/div><div class=\"btClear btSeparator topSmallSpaced bottomExtraSmallSpaced noBorder\" ><hr><\/div><\/div><\/div><div class=\"rowItem col-md-4 col-ms-12 btTextCenter btMiddleVertical btNoPadding footer-right\"  ><div class=\"rowItemContent\" ><div class=\"btClear btSeparator topSmallSpaced bottomExtraSmallSpaced noBorder\" ><hr><\/div><header class=\"header btClear medium  btNormalDash\" ><div class=\"dash\"><h3><span class=\"headline\">KOMMUNIKATION<\/span><\/h3><\/div><\/header><div class=\"btClear btSeparator topSmallSpaced bottomSmallSpaced noBorder\" ><hr><\/div><div class=\"servicesItem  btIcoAlterColorIcon btIcoMediumSizeIcon call \"><div class=\"sIcon\"><span class=\"btIco btIcoMediumSize btIcoDefaultType btIcoAlterColor\" ><a href=\"tel:+302106845302\"  data-ico-fa=\"&#xf095;\" class=\"btIcoHolder\"><em><\/em><\/a><\/span><\/div><div class=\"sTxt\"><header class=\"header btClear small\" ><\/header><p><a class=\"call-a\" href=\"tel:+302106845302\">210 684 5302<\/a><\/p><\/div><\/div><div class=\"btClear btSeparator topSmallSpaced bottomSmallSpaced noBorder\" ><hr><\/div><div class=\"servicesItem  btIcoAlterColorIcon btIcoMediumSizeIcon call \"><div class=\"sIcon\"><span class=\"btIco btIcoMediumSize btIcoDefaultType btIcoAlterColor\" ><a href=\"tel:+306944587573\"  data-ico-es=\"&#xea22;\" class=\"btIcoHolder\"><em><\/em><\/a><\/span><\/div><div class=\"sTxt\"><header class=\"header btClear small\" ><\/header><p><a class=\"call-a\" href=\"tel:+306944587573\">694 458 7573<\/a><\/p><\/div><\/div><div class=\"btClear btSeparator topSmallSpaced bottomExtraSmallSpaced noBorder\" ><hr><\/div><\/div><\/div><\/div><\/div><div class=\"boldRow footer-m bt_bb_hidden_md bt_bb_hidden_lg\" ><div class=\"boldRowInner\"><div class=\"rowItem col-md-12 col-ms-12  btTextCenter btMiddleVertical footer-left\"  ><div class=\"rowItemContent\" ><div class=\"btIconImageRow\" ><div class=\"bpgPhoto btTextCenter\" ><div class=\"btImage\"><img decoding=\"async\" src=\"https:\/\/drdimolenis.gr\/wp-content\/uploads\/2022\/10\/footer2.png\" alt=\"\" title=\"\"><\/div><\/div><\/div><div class=\"btText\" ><\/p>\n<p>\nTveka inte att kontakta oss om du har n\u00e5gra fr\u00e5gor g\u00e4llande gynekologi.<\/p>\n<p>\n<\/div><div class=\"btClear btSeparator topSmallSpaced noBorder\" ><hr><\/div><header class=\"header btClear medium  btNormalDash\" ><div class=\"dash\"><h3><span class=\"headline\">ANV\u00c4NDBARA L\u00c4NKAR<\/span><\/h3><\/div><\/header><div class=\"btCustomMenu \" ><div class=\"menu-footer-menu-%cf%83%ce%bf%cf%85%ce%b7%ce%b4%ce%b9%ce%ba%ce%ac-container\"><ul id=\"menu-footer-menu-%cf%83%ce%bf%cf%85%ce%b7%ce%b4%ce%b9%ce%ba%ce%ac-1\" class=\"menu\"><li class=\"menu-item menu-item-type-post_type menu-item-object-page menu-item-3388\"><a href=\"https:\/\/drdimolenis.gr\/sv\/lampros-dimolenis\/\">L\u00c4KARE<\/a><\/li><li class=\"menu-item menu-item-type-post_type menu-item-object-page menu-item-3389\"><a href=\"https:\/\/drdimolenis.gr\/sv\/klinik\/\">KLINIK<\/a><\/li><li class=\"menu-item menu-item-type-post_type menu-item-object-page current_page_parent menu-item-3390\"><a href=\"https:\/\/drdimolenis.gr\/sv\/artiklar\/\">ARTIKLAR<\/a><\/li>\n<\/ul><\/div><\/div><header class=\"header btClear large  btNormalDash\" ><div class=\"dash\"><h2><span class=\"headline\">KOMMUNIKATION<\/span><\/h2><\/div><\/header><div class=\"btClear btSeparator topSmallSpaced noBorder\" ><hr><\/div><div class=\"servicesItem  btIcoAlterColorIcon btIcoMediumSizeIcon call \"><div class=\"sIcon\"><span class=\"btIco btIcoMediumSize btIcoDefaultType btIcoAlterColor\" ><a href=\"tel:+302106845302\"  data-ico-fa=\"&#xf095;\" class=\"btIcoHolder\"><em><\/em><\/a><\/span><\/div><div class=\"sTxt\"><header class=\"header btClear small\" ><\/header><p><a class=\"call-a\" href=\"tel:+302106845302\">210 684 5302<\/a><\/p><\/div><\/div><div class=\"btClear btSeparator topExtraSmallSpaced bottomExtraSmallSpaced noBorder\" ><hr><\/div><div class=\"servicesItem  btIcoAlterColorIcon btIcoMediumSizeIcon call \"><div class=\"sIcon\"><span class=\"btIco btIcoMediumSize btIcoDefaultType btIcoAlterColor\" ><a href=\"tel:+306944587573\"  data-ico-es=\"&#xea22;\" class=\"btIcoHolder\"><em><\/em><\/a><\/span><\/div><div class=\"sTxt\"><header class=\"header btClear small\" ><\/header><p><a class=\"call-a\" href=\"tel:+306944587573\">694 458 7573<\/a><\/p><\/div><\/div><div class=\"btClear btSeparator topExtraSmallSpaced bottomExtraSmallSpaced noBorder\" ><hr><\/div><\/div><\/div><\/div><\/div><\/div><\/div><\/div><\/section><section id=\"bt_section69f3de94905e4\"  class=\"boldSection gutter inherit footer-anveto\" style=\"background-color:rgb(194,148,153);\"><div class=\"port\"><div class=\"boldCell\"><div class=\"boldCellInner\"><div class=\"boldRow  bt_bb_hidden_xs bt_bb_hidden_ms bt_bb_hidden_sm\" ><div class=\"boldRowInner\"><div class=\"rowItem col-md-4 col-ms-12 btTextLeft btMiddleVertical left-foot\"  ><div class=\"rowItemContent\" ><div class=\"btText\" ><\/p>\n<p>\u00a9 2026 L. Dimolenis, Alla r\u00e4ttigheter f\u00f6rbeh\u00e5llna<\/p>\n<p>\n<\/div><div class=\"btText\" ><\/p>\n<div class=\"gb-grid-wrapper gb-grid-wrapper-03de0f7f typesense\">\n<div class=\"gb-grid-column gb-grid-column-b4a4cea4\">\n<div class=\"gb-container gb-container-b4a4cea4\">\n<div class=\"wp-block-image\">\n<figure class=\"aligncenter size-full is-resized\"><img decoding=\"async\" class=\"wp-image-4150\" style=\"width: 28px;\" src=\"https:\/\/drdimolenis.gr\/wp-content\/uploads\/2024\/12\/44a291d1-0e91-424b-9a9c-28b67f7602a7-removebg-preview.png\" alt=\"\" width=\"221\" height=\"207\"><\/figure>\n<\/div>\n<\/div>\n<\/div>\n<div class=\"gb-grid-column gb-grid-column-3af7a4d5\">\n<div class=\"gb-container gb-container-3af7a4d5\">\n<p class=\"soft has-text-color has-link-color wp-elements-3758bc71afd5d0970fba0f6f69484e4e\" style=\"color: #ffe8e3; font-size: 12px;\"><em><strong><a href=\"https:\/\/anvetogroup.com\/seo\/\" target=\"_blank\" rel=\"noreferrer noopener\">SEO \u03b3\u03b9\u03b1 eSHOP<\/a><\/strong><\/em><\/p>\n<\/div>\n<\/div>\n<\/div>\n<p>\n<\/div><\/div><\/div><div class=\"rowItem col-md-4 col-ms-12 btTextLeft btMiddleVertical\"  ><div class=\"rowItemContent\" ><div class=\"btText\" ><\/p>\n<div class=\"poweredby\">\n<p>Powered By<\/p>\n<p><a style=\"margin-left: 10px;\" href=\"https:\/\/anvetogroup.com\" target=\"_blank\" rel=\"noopener\"><img decoding=\"async\" class=\"style-svg\" style=\"width: 200px; height: 31px; vertical-align: middle;\" src=\"\/wp-content\/uploads\/2022\/10\/signature-white.svg\" alt=\"digital agency athens\"><\/a><\/p>\n<\/div>\n<p>\n<\/div><\/div><\/div><div class=\"rowItem col-md-4 col-ms-12 btTextLeft inherit\"  ><div class=\"rowItemContent\" ><div class=\"btCustomMenu \" ><div class=\"menu-sub-footer-menu-%cf%83%ce%bf%cf%85%ce%b7%ce%b4%ce%b9%ce%ba%ce%ac-container\"><ul id=\"menu-sub-footer-menu-%cf%83%ce%bf%cf%85%ce%b7%ce%b4%ce%b9%ce%ba%ce%ac\" class=\"menu\"><li id=\"menu-item-3398\" class=\"menu-item menu-item-type-post_type menu-item-object-page menu-item-3398\"><a href=\"https:\/\/drdimolenis.gr\/sv\/tjanster\/\">TJ\u00c4NSTER<\/a><\/li><li id=\"menu-item-3399\" class=\"menu-item menu-item-type-post_type menu-item-object-page menu-item-3399\"><a href=\"https:\/\/drdimolenis.gr\/sv\/kommunikation\/\">KOMMUNIKATION<\/a><\/li><li id=\"menu-item-3400\" class=\"menu-item menu-item-type-custom menu-item-object-custom menu-item-3400\"><a href=\"#\">TOPPEN<\/a><\/li>\n<\/ul><\/div><\/div><\/div><\/div><\/div><\/div><div class=\"boldRow footer-bot bt_bb_hidden_md bt_bb_hidden_lg\" ><div class=\"boldRowInner\"><div class=\"rowItem col-md-12 col-ms-12  btTextCenter btMiddleVertical\"  ><div class=\"rowItemContent\" ><div class=\"btText\" ><\/p>\n<p>\u00a9 2026 L. Dimolenis, Alla r\u00e4ttigheter f\u00f6rbeh\u00e5llna<\/p>\n<p>\n<\/div><div class=\"btText\" ><\/p>\n<div class=\"poweredby\">\n<p>Powered By<\/p>\n<p><a style=\"margin-left: 10px;\" href=\"https:\/\/anvetogroup.com\" target=\"_blank\" rel=\"noopener\"><img decoding=\"async\" class=\"style-svg\" style=\"width: 200px; height: 31px; vertical-align: middle;\" src=\"\/wp-content\/uploads\/2022\/10\/signature-white.svg\" alt=\"digital agency athens\"><\/a><\/p>\n<\/div>\n<p>\n<\/div><div class=\"btCustomMenu \" ><div class=\"menu-sub-footer-menu-%cf%83%ce%bf%cf%85%ce%b7%ce%b4%ce%b9%ce%ba%ce%ac-container\"><ul id=\"menu-sub-footer-menu-%cf%83%ce%bf%cf%85%ce%b7%ce%b4%ce%b9%ce%ba%ce%ac-1\" class=\"menu\"><li class=\"menu-item menu-item-type-post_type menu-item-object-page menu-item-3398\"><a href=\"https:\/\/drdimolenis.gr\/sv\/tjanster\/\">TJ\u00c4NSTER<\/a><\/li><li class=\"menu-item menu-item-type-post_type menu-item-object-page menu-item-3399\"><a href=\"https:\/\/drdimolenis.gr\/sv\/kommunikation\/\">KOMMUNIKATION<\/a><\/li><li class=\"menu-item menu-item-type-custom menu-item-object-custom menu-item-3400\"><a href=\"#\">TOPPEN<\/a><\/li>\n<\/ul><\/div><\/div><div class=\"btText\" ><\/p>\n<div class=\"gb-grid-wrapper gb-grid-wrapper-03de0f7f typesense\">\n<div class=\"gb-grid-column gb-grid-column-b4a4cea4\">\n<div class=\"gb-container gb-container-b4a4cea4\">\n<div class=\"wp-block-image\">\n<figure class=\"aligncenter size-full is-resized\"><img decoding=\"async\" class=\"wp-image-4150\" style=\"width: 28px;\" src=\"https:\/\/drdimolenis.gr\/wp-content\/uploads\/2024\/12\/44a291d1-0e91-424b-9a9c-28b67f7602a7-removebg-preview.png\" alt=\"\" width=\"221\" height=\"207\"><\/figure>\n<\/div>\n<\/div>\n<\/div>\n<div class=\"gb-grid-column gb-grid-column-3af7a4d5\">\n<div class=\"gb-container gb-container-3af7a4d5\">\n<p class=\"soft has-text-color has-link-color wp-elements-3758bc71afd5d0970fba0f6f69484e4e\" style=\"color: #ffe8e3; font-size: 12px;\"><em><strong>T\u03b9 \u03b5\u03af\u03bd\u03b1\u03b9 <a href=\"https:\/\/anvetogroup.com\/seo\/\" target=\"_blank\" rel=\"noreferrer noopener\">SEO Marketing<\/a><\/strong><\/em><\/p>\n<\/div>\n<\/div>\n<\/div>\n<p>\n<\/div><\/div><\/div><\/div><\/div><\/div><\/div><\/div><\/section><\/p>\n","protected":false},"excerpt":{"rendered":"","protected":false},"author":1,"featured_media":0,"parent":0,"menu_order":0,"comment_status":"closed","ping_status":"closed","template":"","meta":{"inline_featured_image":false,"footnotes":""},"class_list":["post-3404","page","type-page","status-publish","hentry"],"yoast_head":"<!-- This site is optimized with the Yoast SEO plugin v27.5 - https:\/\/yoast.com\/product\/yoast-seo-wordpress\/ -->\n<title>Footer - \u039b\u03ac\u03bc\u03c0\u03c1\u03bf\u03c2 \u0399. \u0394\u03b7\u03bc\u03bf\u03bb\u03ad\u03bd\u03b7\u03c2, MD, MSc<\/title>\n<meta name=\"robots\" content=\"index, follow, max-snippet:-1, max-image-preview:large, max-video-preview:-1\" \/>\n<link rel=\"canonical\" href=\"https:\/\/drdimolenis.gr\/sv\/footer\/\" \/>\n<meta property=\"og:locale\" content=\"sv_SE\" \/>\n<meta property=\"og:type\" content=\"article\" \/>\n<meta property=\"og:title\" content=\"Footer - \u039b\u03ac\u03bc\u03c0\u03c1\u03bf\u03c2 \u0399. \u0394\u03b7\u03bc\u03bf\u03bb\u03ad\u03bd\u03b7\u03c2, MD, MSc\" \/>\n<meta property=\"og:url\" content=\"https:\/\/drdimolenis.gr\/sv\/footer\/\" \/>\n<meta property=\"og:site_name\" content=\"\u039b\u03ac\u03bc\u03c0\u03c1\u03bf\u03c2 \u0399. \u0394\u03b7\u03bc\u03bf\u03bb\u03ad\u03bd\u03b7\u03c2, MD, MSc\" \/>\n<meta property=\"article:modified_time\" content=\"2026-04-07T11:01:07+00:00\" \/>\n<meta property=\"og:image\" content=\"https:\/\/drdimolenis.gr\/wp-content\/uploads\/2024\/12\/44a291d1-0e91-424b-9a9c-28b67f7602a7-removebg-preview.png\" \/>\n<meta name=\"twitter:card\" content=\"summary_large_image\" \/>\n<meta name=\"twitter:label1\" content=\"Ber\u00e4knad l\u00e4stid\" \/>\n\t<meta name=\"twitter:data1\" content=\"2 minuter\" \/>\n<script type=\"application\/ld+json\" class=\"yoast-schema-graph\">{\"@context\":\"https:\\\/\\\/schema.org\",\"@graph\":[{\"@type\":\"WebPage\",\"@id\":\"https:\\\/\\\/drdimolenis.gr\\\/sv\\\/footer\\\/\",\"url\":\"https:\\\/\\\/drdimolenis.gr\\\/sv\\\/footer\\\/\",\"name\":\"Footer - \u039b\u03ac\u03bc\u03c0\u03c1\u03bf\u03c2 \u0399. \u0394\u03b7\u03bc\u03bf\u03bb\u03ad\u03bd\u03b7\u03c2, MD, MSc\",\"isPartOf\":{\"@id\":\"https:\\\/\\\/drdimolenis.gr\\\/#website\"},\"primaryImageOfPage\":{\"@id\":\"https:\\\/\\\/drdimolenis.gr\\\/sv\\\/footer\\\/#primaryimage\"},\"image\":{\"@id\":\"https:\\\/\\\/drdimolenis.gr\\\/sv\\\/footer\\\/#primaryimage\"},\"thumbnailUrl\":\"https:\\\/\\\/drdimolenis.gr\\\/wp-content\\\/uploads\\\/2024\\\/12\\\/44a291d1-0e91-424b-9a9c-28b67f7602a7-removebg-preview.png\",\"datePublished\":\"2018-03-13T14:47:56+00:00\",\"dateModified\":\"2026-04-07T11:01:07+00:00\",\"breadcrumb\":{\"@id\":\"https:\\\/\\\/drdimolenis.gr\\\/sv\\\/footer\\\/#breadcrumb\"},\"inLanguage\":\"sv-SE\",\"potentialAction\":[{\"@type\":\"ReadAction\",\"target\":[\"https:\\\/\\\/drdimolenis.gr\\\/sv\\\/footer\\\/\"]}]},{\"@type\":\"ImageObject\",\"inLanguage\":\"sv-SE\",\"@id\":\"https:\\\/\\\/drdimolenis.gr\\\/sv\\\/footer\\\/#primaryimage\",\"url\":\"https:\\\/\\\/drdimolenis.gr\\\/wp-content\\\/uploads\\\/2024\\\/12\\\/44a291d1-0e91-424b-9a9c-28b67f7602a7-removebg-preview.png\",\"contentUrl\":\"https:\\\/\\\/drdimolenis.gr\\\/wp-content\\\/uploads\\\/2024\\\/12\\\/44a291d1-0e91-424b-9a9c-28b67f7602a7-removebg-preview.png\"},{\"@type\":\"BreadcrumbList\",\"@id\":\"https:\\\/\\\/drdimolenis.gr\\\/sv\\\/footer\\\/#breadcrumb\",\"itemListElement\":[{\"@type\":\"ListItem\",\"position\":1,\"name\":\"Home\",\"item\":\"https:\\\/\\\/drdimolenis.gr\\\/sv\\\/\"},{\"@type\":\"ListItem\",\"position\":2,\"name\":\"Footer\"}]},{\"@type\":\"WebSite\",\"@id\":\"https:\\\/\\\/drdimolenis.gr\\\/#website\",\"url\":\"https:\\\/\\\/drdimolenis.gr\\\/\",\"name\":\"\u039b\u03ac\u03bc\u03c0\u03c1\u03bf\u03c2 \u0399. \u0394\u03b7\u03bc\u03bf\u03bb\u03ad\u03bd\u03b7\u03c2, MD, MSc\",\"description\":\"\u039c\u03b1\u03b9\u03b5\u03c5\u03c4\u03ae\u03c1\u03b1\u03c2 \u03a7\u03b5\u03b9\u03c1\u03bf\u03cd\u03c1\u03b3\u03bf\u03c2 \u0393\u03c5\u03bd\u03b1\u03b9\u03ba\u03bf\u03bb\u03cc\u03b3\u03bf\u03c2\",\"potentialAction\":[{\"@type\":\"SearchAction\",\"target\":{\"@type\":\"EntryPoint\",\"urlTemplate\":\"https:\\\/\\\/drdimolenis.gr\\\/?s={search_term_string}\"},\"query-input\":{\"@type\":\"PropertyValueSpecification\",\"valueRequired\":true,\"valueName\":\"search_term_string\"}}],\"inLanguage\":\"sv-SE\"}]}<\/script>\n<!-- \/ Yoast SEO plugin. -->","yoast_head_json":{"title":"Footer - \u039b\u03ac\u03bc\u03c0\u03c1\u03bf\u03c2 \u0399. \u0394\u03b7\u03bc\u03bf\u03bb\u03ad\u03bd\u03b7\u03c2, MD, MSc","robots":{"index":"index","follow":"follow","max-snippet":"max-snippet:-1","max-image-preview":"max-image-preview:large","max-video-preview":"max-video-preview:-1"},"canonical":"https:\/\/drdimolenis.gr\/sv\/footer\/","og_locale":"sv_SE","og_type":"article","og_title":"Footer - \u039b\u03ac\u03bc\u03c0\u03c1\u03bf\u03c2 \u0399. \u0394\u03b7\u03bc\u03bf\u03bb\u03ad\u03bd\u03b7\u03c2, MD, MSc","og_url":"https:\/\/drdimolenis.gr\/sv\/footer\/","og_site_name":"\u039b\u03ac\u03bc\u03c0\u03c1\u03bf\u03c2 \u0399. \u0394\u03b7\u03bc\u03bf\u03bb\u03ad\u03bd\u03b7\u03c2, MD, MSc","article_modified_time":"2026-04-07T11:01:07+00:00","og_image":[{"url":"https:\/\/drdimolenis.gr\/wp-content\/uploads\/2024\/12\/44a291d1-0e91-424b-9a9c-28b67f7602a7-removebg-preview.png","type":"","width":"","height":""}],"twitter_card":"summary_large_image","twitter_misc":{"Ber\u00e4knad l\u00e4stid":"2 minuter"},"schema":{"@context":"https:\/\/schema.org","@graph":[{"@type":"WebPage","@id":"https:\/\/drdimolenis.gr\/sv\/footer\/","url":"https:\/\/drdimolenis.gr\/sv\/footer\/","name":"Footer - \u039b\u03ac\u03bc\u03c0\u03c1\u03bf\u03c2 \u0399. \u0394\u03b7\u03bc\u03bf\u03bb\u03ad\u03bd\u03b7\u03c2, MD, MSc","isPartOf":{"@id":"https:\/\/drdimolenis.gr\/#website"},"primaryImageOfPage":{"@id":"https:\/\/drdimolenis.gr\/sv\/footer\/#primaryimage"},"image":{"@id":"https:\/\/drdimolenis.gr\/sv\/footer\/#primaryimage"},"thumbnailUrl":"https:\/\/drdimolenis.gr\/wp-content\/uploads\/2024\/12\/44a291d1-0e91-424b-9a9c-28b67f7602a7-removebg-preview.png","datePublished":"2018-03-13T14:47:56+00:00","dateModified":"2026-04-07T11:01:07+00:00","breadcrumb":{"@id":"https:\/\/drdimolenis.gr\/sv\/footer\/#breadcrumb"},"inLanguage":"sv-SE","potentialAction":[{"@type":"ReadAction","target":["https:\/\/drdimolenis.gr\/sv\/footer\/"]}]},{"@type":"ImageObject","inLanguage":"sv-SE","@id":"https:\/\/drdimolenis.gr\/sv\/footer\/#primaryimage","url":"https:\/\/drdimolenis.gr\/wp-content\/uploads\/2024\/12\/44a291d1-0e91-424b-9a9c-28b67f7602a7-removebg-preview.png","contentUrl":"https:\/\/drdimolenis.gr\/wp-content\/uploads\/2024\/12\/44a291d1-0e91-424b-9a9c-28b67f7602a7-removebg-preview.png"},{"@type":"BreadcrumbList","@id":"https:\/\/drdimolenis.gr\/sv\/footer\/#breadcrumb","itemListElement":[{"@type":"ListItem","position":1,"name":"Home","item":"https:\/\/drdimolenis.gr\/sv\/"},{"@type":"ListItem","position":2,"name":"Footer"}]},{"@type":"WebSite","@id":"https:\/\/drdimolenis.gr\/#website","url":"https:\/\/drdimolenis.gr\/","name":"\u039b\u03ac\u03bc\u03c0\u03c1\u03bf\u03c2 \u0399. \u0394\u03b7\u03bc\u03bf\u03bb\u03ad\u03bd\u03b7\u03c2, MD, MSc","description":"\u039c\u03b1\u03b9\u03b5\u03c5\u03c4\u03ae\u03c1\u03b1\u03c2 \u03a7\u03b5\u03b9\u03c1\u03bf\u03cd\u03c1\u03b3\u03bf\u03c2 \u0393\u03c5\u03bd\u03b1\u03b9\u03ba\u03bf\u03bb\u03cc\u03b3\u03bf\u03c2","potentialAction":[{"@type":"SearchAction","target":{"@type":"EntryPoint","urlTemplate":"https:\/\/drdimolenis.gr\/?s={search_term_string}"},"query-input":{"@type":"PropertyValueSpecification","valueRequired":true,"valueName":"search_term_string"}}],"inLanguage":"sv-SE"}]}},"_links":{"self":[{"href":"https:\/\/drdimolenis.gr\/sv\/wp-json\/wp\/v2\/pages\/3404","targetHints":{"allow":["GET"]}}],"collection":[{"href":"https:\/\/drdimolenis.gr\/sv\/wp-json\/wp\/v2\/pages"}],"about":[{"href":"https:\/\/drdimolenis.gr\/sv\/wp-json\/wp\/v2\/types\/page"}],"author":[{"embeddable":true,"href":"https:\/\/drdimolenis.gr\/sv\/wp-json\/wp\/v2\/users\/1"}],"replies":[{"embeddable":true,"href":"https:\/\/drdimolenis.gr\/sv\/wp-json\/wp\/v2\/comments?post=3404"}],"version-history":[{"count":4,"href":"https:\/\/drdimolenis.gr\/sv\/wp-json\/wp\/v2\/pages\/3404\/revisions"}],"predecessor-version":[{"id":3442,"href":"https:\/\/drdimolenis.gr\/sv\/wp-json\/wp\/v2\/pages\/3404\/revisions\/3442"}],"wp:attachment":[{"href":"https:\/\/drdimolenis.gr\/sv\/wp-json\/wp\/v2\/media?parent=3404"}],"curies":[{"name":"wp","href":"https:\/\/api.w.org\/{rel}","templated":true}]}}